{"id":1814,"date":"2023-05-04T20:26:19","date_gmt":"2023-05-05T00:26:19","guid":{"rendered":"https:\/\/arboris.worryfreeweb.ca\/?page_id=1814"},"modified":"2026-02-06T05:21:01","modified_gmt":"2026-02-06T10:21:01","slug":"travailleureuse-au-sol","status":"publish","type":"page","link":"https:\/\/arboris.ca\/fr\/carriere\/travailleureuse-au-sol\/","title":{"rendered":"Travailleur(euse) au sol"},"content":{"rendered":"\t\t<div data-elementor-type=\"wp-page\" data-elementor-id=\"1814\" class=\"elementor elementor-1814 elementor-1140\" data-elementor-post-type=\"page\">\n\t\t\t\t<div class=\"elementor-element elementor-element-6508f9d0 e-flex e-con-boxed e-con e-parent\" data-id=\"6508f9d0\" data-element_type=\"container\" data-e-type=\"container\" data-settings=\"{&quot;background_background&quot;:&quot;classic&quot;}\">\n\t\t\t\t\t<div class=\"e-con-inner\">\n\t\t<div class=\"elementor-element elementor-element-531b3c25 e-flex e-con-boxed e-con e-parent\" data-id=\"531b3c25\" data-element_type=\"container\" data-e-type=\"container\">\n\t\t\t\t\t<div class=\"e-con-inner\">\n\t\t\t\t<div class=\"elementor-element elementor-element-79f4bf27 elementor-widget__width-auto elementor-widget elementor-widget-image\" data-id=\"79f4bf27\" data-element_type=\"widget\" data-e-type=\"widget\" data-widget_type=\"image.default\">\n\t\t\t\t<div class=\"elementor-widget-container\">\n\t\t\t\t\t\t\t\t\t\t\t\t\t\t\t<img decoding=\"async\" width=\"100\" height=\"111\" src=\"https:\/\/arboris.ca\/wp-content\/uploads\/2023\/05\/icon-8.png\" class=\"attachment-full size-full wp-image-2337\" alt=\"icon 8\" \/>\t\t\t\t\t\t\t\t\t\t\t\t\t\t\t<\/div>\n\t\t\t\t<\/div>\n\t\t\t\t<div class=\"elementor-element elementor-element-4e7c9bab elementor-widget__width-auto elementor-widget elementor-widget-heading\" data-id=\"4e7c9bab\" data-element_type=\"widget\" data-e-type=\"widget\" data-widget_type=\"heading.default\">\n\t\t\t\t<div class=\"elementor-widget-container\">\n\t\t\t\t\t<h1 class=\"elementor-heading-title elementor-size-default\">Travailleur(euse) au sol<\/h1>\t\t\t\t<\/div>\n\t\t\t\t<\/div>\n\t\t\t\t<div class=\"elementor-element elementor-element-6813a114 elementor-widget__width-inherit e-transform elementor-widget-divider--view-line elementor-widget elementor-widget-divider\" data-id=\"6813a114\" data-element_type=\"widget\" data-e-type=\"widget\" data-settings=\"{&quot;_transform_translateX_effect&quot;:{&quot;unit&quot;:&quot;px&quot;,&quot;size&quot;:98,&quot;sizes&quot;:[]},&quot;_transform_translateY_effect&quot;:{&quot;unit&quot;:&quot;px&quot;,&quot;size&quot;:-44,&quot;sizes&quot;:[]},&quot;_transform_translateX_effect_laptop&quot;:{&quot;unit&quot;:&quot;px&quot;,&quot;size&quot;:&quot;&quot;,&quot;sizes&quot;:[]},&quot;_transform_translateX_effect_tablet&quot;:{&quot;unit&quot;:&quot;px&quot;,&quot;size&quot;:&quot;&quot;,&quot;sizes&quot;:[]},&quot;_transform_translateX_effect_mobile_extra&quot;:{&quot;unit&quot;:&quot;px&quot;,&quot;size&quot;:&quot;&quot;,&quot;sizes&quot;:[]},&quot;_transform_translateX_effect_mobile&quot;:{&quot;unit&quot;:&quot;px&quot;,&quot;size&quot;:&quot;&quot;,&quot;sizes&quot;:[]},&quot;_transform_translateY_effect_laptop&quot;:{&quot;unit&quot;:&quot;px&quot;,&quot;size&quot;:&quot;&quot;,&quot;sizes&quot;:[]},&quot;_transform_translateY_effect_tablet&quot;:{&quot;unit&quot;:&quot;px&quot;,&quot;size&quot;:&quot;&quot;,&quot;sizes&quot;:[]},&quot;_transform_translateY_effect_mobile_extra&quot;:{&quot;unit&quot;:&quot;px&quot;,&quot;size&quot;:&quot;&quot;,&quot;sizes&quot;:[]},&quot;_transform_translateY_effect_mobile&quot;:{&quot;unit&quot;:&quot;px&quot;,&quot;size&quot;:&quot;&quot;,&quot;sizes&quot;:[]}}\" data-widget_type=\"divider.default\">\n\t\t\t\t<div class=\"elementor-widget-container\">\n\t\t\t\t\t\t\t<div class=\"elementor-divider\">\n\t\t\t<span class=\"elementor-divider-separator\">\n\t\t\t\t\t\t<\/span>\n\t\t<\/div>\n\t\t\t\t\t\t<\/div>\n\t\t\t\t<\/div>\n\t\t\t\t\t<\/div>\n\t\t\t\t<\/div>\n\t\t\t\t\t<\/div>\n\t\t\t\t<\/div>\n\t\t<div class=\"elementor-element elementor-element-7034cab e-flex e-con-boxed e-con e-parent\" data-id=\"7034cab\" data-element_type=\"container\" data-e-type=\"container\">\n\t\t\t\t\t<div class=\"e-con-inner\">\n\t\t<div class=\"elementor-element elementor-element-45a2afa9 e-con-full e-flex e-con e-parent\" data-id=\"45a2afa9\" data-element_type=\"container\" data-e-type=\"container\" data-settings=\"{&quot;background_background&quot;:&quot;classic&quot;}\">\n\t\t\t\t<div class=\"elementor-element elementor-element-356654f3 elementor-widget elementor-widget-heading\" data-id=\"356654f3\" data-element_type=\"widget\" data-e-type=\"widget\" data-widget_type=\"heading.default\">\n\t\t\t\t<div class=\"elementor-widget-container\">\n\t\t\t\t\t<p class=\"elementor-heading-title elementor-size-default\">Titre du   :poste<\/p>\t\t\t\t<\/div>\n\t\t\t\t<\/div>\n\t\t\t\t<div class=\"elementor-element elementor-element-62a9a660 elementor-widget elementor-widget-heading\" data-id=\"62a9a660\" data-element_type=\"widget\" data-e-type=\"widget\" data-widget_type=\"heading.default\">\n\t\t\t\t<div class=\"elementor-widget-container\">\n\t\t\t\t\t<p class=\"elementor-heading-title elementor-size-default\">Travailleur(euse) au sol<\/p>\t\t\t\t<\/div>\n\t\t\t\t<\/div>\n\t\t\t\t<\/div>\n\t\t<div class=\"elementor-element elementor-element-4479f024 e-con-full e-flex e-con e-parent\" data-id=\"4479f024\" data-element_type=\"container\" data-e-type=\"container\" data-settings=\"{&quot;background_background&quot;:&quot;classic&quot;}\">\n\t\t\t\t<div class=\"elementor-element elementor-element-42a20c5 elementor-widget elementor-widget-heading\" data-id=\"42a20c5\" data-element_type=\"widget\" data-e-type=\"widget\" data-widget_type=\"heading.default\">\n\t\t\t\t<div class=\"elementor-widget-container\">\n\t\t\t\t\t<p class=\"elementor-heading-title elementor-size-default\">Sup\u00e9rieur(e) imm\u00e9diat(e) :<\/p>\t\t\t\t<\/div>\n\t\t\t\t<\/div>\n\t\t\t\t<div class=\"elementor-element elementor-element-930b307 elementor-widget elementor-widget-heading\" data-id=\"930b307\" data-element_type=\"widget\" data-e-type=\"widget\" data-widget_type=\"heading.default\">\n\t\t\t\t<div class=\"elementor-widget-container\">\n\t\t\t\t\t<p class=\"elementor-heading-title elementor-size-default\">Chef d\u2019\u00e9quipe<\/p>\t\t\t\t<\/div>\n\t\t\t\t<\/div>\n\t\t\t\t<\/div>\n\t\t<div class=\"elementor-element elementor-element-1012ea57 e-con-full e-flex e-con e-parent\" data-id=\"1012ea57\" data-element_type=\"container\" data-e-type=\"container\">\n\t\t\t\t<div class=\"elementor-element elementor-element-152d50c0 elementor-widget__width-inherit elementor-widget elementor-widget-heading\" data-id=\"152d50c0\" data-element_type=\"widget\" data-e-type=\"widget\" data-widget_type=\"heading.default\">\n\t\t\t\t<div class=\"elementor-widget-container\">\n\t\t\t\t\t<p class=\"elementor-heading-title elementor-size-default\">R\u00e9mun\u00e9ration<\/p>\t\t\t\t<\/div>\n\t\t\t\t<\/div>\n\t\t\t\t<div class=\"elementor-element elementor-element-2a06912a elementor-widget elementor-widget-text-editor\" data-id=\"2a06912a\" data-element_type=\"widget\" data-e-type=\"widget\" data-widget_type=\"text-editor.default\">\n\t\t\t\t<div class=\"elementor-widget-container\">\n\t\t\t\t\t\t\t\t\t<p>P\u00e9riode de probation de trois mois. Salaire horaire de 19$ \u00e0 22$ par heure + b\u00e9n\u00e9fices + primes de fin d\u2019ann\u00e9e bas\u00e9 sur l\u2019\u00e9valuation de rendement.<\/p>\t\t\t\t\t\t\t\t<\/div>\n\t\t\t\t<\/div>\n\t\t\t\t<\/div>\n\t\t<div class=\"elementor-element elementor-element-4733de3a e-con-full e-flex e-con e-parent\" data-id=\"4733de3a\" data-element_type=\"container\" data-e-type=\"container\">\n\t\t\t\t<div class=\"elementor-element elementor-element-6e1fd7f5 elementor-widget__width-inherit elementor-widget elementor-widget-heading\" data-id=\"6e1fd7f5\" data-element_type=\"widget\" data-e-type=\"widget\" data-widget_type=\"heading.default\">\n\t\t\t\t<div class=\"elementor-widget-container\">\n\t\t\t\t\t<p class=\"elementor-heading-title elementor-size-default\">But du poste<\/p>\t\t\t\t<\/div>\n\t\t\t\t<\/div>\n\t\t\t\t<div class=\"elementor-element elementor-element-7d40963c elementor-widget elementor-widget-text-editor\" data-id=\"7d40963c\" data-element_type=\"widget\" data-e-type=\"widget\" data-widget_type=\"text-editor.default\">\n\t\t\t\t<div class=\"elementor-widget-container\">\n\t\t\t\t\t\t\t\t\t<p>Le ou la travailleur(euse) au sol doit assister le grimpeur et compl\u00e9ter les t\u00e2ches de l&rsquo;\u00e9quipe au sol tout en suivant les \u00e9tapes s\u00e9curitaires pour compl\u00e9ter le travail demand\u00e9.<\/p>\t\t\t\t\t\t\t\t<\/div>\n\t\t\t\t<\/div>\n\t\t\t\t<\/div>\n\t\t<div class=\"elementor-element elementor-element-3a5c5d93 e-con-full e-flex e-con e-parent\" data-id=\"3a5c5d93\" data-element_type=\"container\" data-e-type=\"container\">\n\t\t\t\t<div class=\"elementor-element elementor-element-400c1551 elementor-widget__width-inherit elementor-widget elementor-widget-heading\" data-id=\"400c1551\" data-element_type=\"widget\" data-e-type=\"widget\" data-widget_type=\"heading.default\">\n\t\t\t\t<div class=\"elementor-widget-container\">\n\t\t\t\t\t<p class=\"elementor-heading-title elementor-size-default\">T\u00e2ches et responsabilit\u00e9s<\/p>\t\t\t\t<\/div>\n\t\t\t\t<\/div>\n\t\t\t\t<div class=\"elementor-element elementor-element-31c2f7ac elementor-widget elementor-widget-text-editor\" data-id=\"31c2f7ac\" data-element_type=\"widget\" data-e-type=\"widget\" data-widget_type=\"text-editor.default\">\n\t\t\t\t<div class=\"elementor-widget-container\">\n\t\t\t\t\t\t\t\t\t<ul><li>Appui les grimpeurs et chefs d\u2019\u00e9quipe<ul><li>Contr\u00f4le des cordes<\/li><li>Organisation des \u00e9quipements<\/li><li>T\u00e2ches de gr\u00e9ages<\/li><\/ul><\/li><li>Assister et participer aux t\u00e2ches de l\u2019\u00e9quipe du sol.<ul><li>D\u00e9chiquetage des branches<\/li><li>Nettoyage du site<\/li><li>Tron\u00e7onnage et \u00e9branchage<\/li><li>Entretien des \u00e9quipements<\/li><\/ul><\/li><\/ul>\t\t\t\t\t\t\t\t<\/div>\n\t\t\t\t<\/div>\n\t\t\t\t<\/div>\n\t\t<div class=\"elementor-element elementor-element-110ba27b e-con-full e-flex e-con e-parent\" data-id=\"110ba27b\" data-element_type=\"container\" data-e-type=\"container\">\n\t\t\t\t<div class=\"elementor-element elementor-element-3bfe79f4 elementor-widget__width-inherit elementor-widget elementor-widget-heading\" data-id=\"3bfe79f4\" data-element_type=\"widget\" data-e-type=\"widget\" data-widget_type=\"heading.default\">\n\t\t\t\t<div class=\"elementor-widget-container\">\n\t\t\t\t\t<p class=\"elementor-heading-title elementor-size-default\">Qualit\u00e9s requises<\/p>\t\t\t\t<\/div>\n\t\t\t\t<\/div>\n\t\t\t\t<div class=\"elementor-element elementor-element-7be30c3c elementor-widget elementor-widget-text-editor\" data-id=\"7be30c3c\" data-element_type=\"widget\" data-e-type=\"widget\" data-widget_type=\"text-editor.default\">\n\t\t\t\t<div class=\"elementor-widget-container\">\n\t\t\t\t\t\t\t\t\t<ul><li>Dipl\u00f4me post-secondaire en Arboriculture ou discipline connexe<\/li><li>Certifications facultatif; premier soins, s\u00e9curit\u00e9 de la sci \u00e0 cha\u00eene, SIMDUT, gestion de la circulation<\/li><li>\u00catre en bonne condition physique<\/li><li>Doit bien travailler en \u00e9quipe<\/li><li>Int\u00e9grit\u00e9 et fiabilit\u00e9<\/li><li>Permis de conduire valide<\/li><\/ul>\t\t\t\t\t\t\t\t<\/div>\n\t\t\t\t<\/div>\n\t\t\t\t<\/div>\n\t\t<div class=\"elementor-element elementor-element-6e66dcd2 e-con-full e-flex e-con e-parent\" data-id=\"6e66dcd2\" data-element_type=\"container\" data-e-type=\"container\">\n\t\t\t\t<div class=\"elementor-element elementor-element-2c93ec45 elementor-widget__width-inherit elementor-widget elementor-widget-heading\" data-id=\"2c93ec45\" data-element_type=\"widget\" data-e-type=\"widget\" data-widget_type=\"heading.default\">\n\t\t\t\t<div class=\"elementor-widget-container\">\n\t\t\t\t\t<p class=\"elementor-heading-title elementor-size-default\">Conditions de travail<\/p>\t\t\t\t<\/div>\n\t\t\t\t<\/div>\n\t\t\t\t<div class=\"elementor-element elementor-element-b20ff34 elementor-widget elementor-widget-text-editor\" data-id=\"b20ff34\" data-element_type=\"widget\" data-e-type=\"widget\" data-widget_type=\"text-editor.default\">\n\t\t\t\t<div class=\"elementor-widget-container\">\n\t\t\t\t\t\t\t\t\t<p>Les heures de travail varient selon la saison et la temp\u00e9rature. L\u2019hiver est consid\u00e9r\u00e9 comme notre basse saison et il est probable que certains employ\u00e9s soient licenci\u00e9s. Pendant nos hautes saisons, il se peut que les jours de travail soient plus de 8 heures.<\/p>\t\t\t\t\t\t\t\t<\/div>\n\t\t\t\t<\/div>\n\t\t\t\t<\/div>\n\t\t<div class=\"elementor-element elementor-element-31df8679 e-con-full e-flex e-con e-parent\" data-id=\"31df8679\" data-element_type=\"container\" data-e-type=\"container\">\n\t\t\t\t<div class=\"elementor-element elementor-element-25f30898 elementor-widget__width-inherit elementor-widget elementor-widget-heading\" data-id=\"25f30898\" data-element_type=\"widget\" data-e-type=\"widget\" data-widget_type=\"heading.default\">\n\t\t\t\t<div class=\"elementor-widget-container\">\n\t\t\t\t\t<p class=\"elementor-heading-title elementor-size-default\">Exigences physiques<\/p>\t\t\t\t<\/div>\n\t\t\t\t<\/div>\n\t\t\t\t<div class=\"elementor-element elementor-element-57a680c0 elementor-widget elementor-widget-text-editor\" data-id=\"57a680c0\" data-element_type=\"widget\" data-e-type=\"widget\" data-widget_type=\"text-editor.default\">\n\t\t\t\t<div class=\"elementor-widget-container\">\n\t\t\t\t\t\t\t\t\t<p>Ce travail demande de rester debout pendant de longues p\u00e9riodes, lever r\u00e9guli\u00e8rement des objets lourds, faire des t\u00e2ches r\u00e9p\u00e9titives en ne b\u00e9n\u00e9ficiant que de courtes pauses.<\/p>\t\t\t\t\t\t\t\t<\/div>\n\t\t\t\t<\/div>\n\t\t\t\t<\/div>\n\t\t\t\t\t<\/div>\n\t\t\t\t<\/div>\n\t\t<div class=\"elementor-element elementor-element-ee5aac2 e-flex e-con-boxed e-con e-parent\" data-id=\"ee5aac2\" data-element_type=\"container\" data-e-type=\"container\" data-settings=\"{&quot;background_background&quot;:&quot;classic&quot;}\">\n\t\t\t\t\t<div class=\"e-con-inner\">\n\t\t<div class=\"elementor-element elementor-element-f467a9f e-con-full e-flex e-con e-parent\" data-id=\"f467a9f\" data-element_type=\"container\" data-e-type=\"container\">\n\t\t\t\t<div class=\"elementor-element elementor-element-e80479e elementor-widget elementor-widget-text-editor\" data-id=\"e80479e\" data-element_type=\"widget\" data-e-type=\"widget\" data-widget_type=\"text-editor.default\">\n\t\t\t\t<div class=\"elementor-widget-container\">\n\t\t\t\t\t\t\t\t\t<p>Pour postuler, envoyez votre CV au <a href=\"mailto:info@arboris.ca\">info@arboris.ca<\/a>.<\/p><p>Pour toutes questions, SVP communiquez avec Chanelle Desjarlais au <a href=\"mailto:chanelle.desjarlais@arboris.ca\">chanelle.desjarlais@arboris.ca<\/a> ou au arboris.ca pour plus d&rsquo;informations.<\/p>\t\t\t\t\t\t\t\t<\/div>\n\t\t\t\t<\/div>\n\t\t\t\t<\/div>\n\t\t<div class=\"elementor-element elementor-element-9ed6090 e-con-full e-flex e-con e-parent\" data-id=\"9ed6090\" data-element_type=\"container\" data-e-type=\"container\">\n\t\t\t\t<div class=\"elementor-element elementor-element-c390076 elementor-widget elementor-widget-heading\" data-id=\"c390076\" data-element_type=\"widget\" data-e-type=\"widget\" data-widget_type=\"heading.default\">\n\t\t\t\t<div class=\"elementor-widget-container\">\n\t\t\t\t\t<h2 class=\"elementor-heading-title elementor-size-default\">Appliquer maintenant !<\/h2>\t\t\t\t<\/div>\n\t\t\t\t<\/div>\n\t\t\t\t<\/div>\n\t\t\t\t\t<\/div>\n\t\t\t\t<\/div>\n\t\t\t\t<\/div>\n\t\t","protected":false},"excerpt":{"rendered":"<p>Titre du :poste Travailleur(euse) au sol Sup\u00e9rieur(e) imm\u00e9diat(e) : Chef d\u2019\u00e9quipe R\u00e9mun\u00e9ration P\u00e9riode de probation de trois mois. Salaire horaire de 19$ \u00e0 22$ par heure + b\u00e9n\u00e9fices + primes de fin d\u2019ann\u00e9e bas\u00e9 sur l\u2019\u00e9valuation de rendement. But du poste Le ou la travailleur(euse) au sol doit assister le grimpeur et compl\u00e9ter les t\u00e2ches [&hellip;]<\/p>\n","protected":false},"author":1,"featured_media":0,"parent":1812,"menu_order":2,"comment_status":"closed","ping_status":"closed","template":"elementor_header_footer","meta":{"_acf_changed":false,"site-sidebar-layout":"no-sidebar","site-content-layout":"page-builder","ast-site-content-layout":"default","site-content-style":"default","site-sidebar-style":"default","ast-global-header-display":"","ast-banner-title-visibility":"","ast-main-header-display":"","ast-hfb-above-header-display":"","ast-hfb-below-header-display":"","ast-hfb-mobile-header-display":"","site-post-title":"disabled","ast-breadcrumbs-content":"","ast-featured-img":"disabled","footer-sml-layout":"","ast-disable-related-posts":"","theme-transparent-header-meta":"","adv-header-id-meta":"","stick-header-meta":"","header-above-stick-meta":"","header-main-stick-meta":"","header-below-stick-meta":"","astra-migrate-meta-layouts":"set","ast-page-background-enabled":"default","ast-page-background-meta":{"desktop":{"background-color":"var(--ast-global-color-4)","background-image":"","background-repeat":"repeat","background-position":"center center","background-size":"auto","background-attachment":"scroll","background-type":"","background-media":"","overlay-type":"","overlay-color":"","overlay-opacity":"","overlay-gradient":""},"tablet":{"background-color":"","background-image":"","background-repeat":"repeat","background-position":"center center","background-size":"auto","background-attachment":"scroll","background-type":"","background-media":"","overlay-type":"","overlay-color":"","overlay-opacity":"","overlay-gradient":""},"mobile":{"background-color":"","background-image":"","background-repeat":"repeat","background-position":"center center","background-size":"auto","background-attachment":"scroll","background-type":"","background-media":"","overlay-type":"","overlay-color":"","overlay-opacity":"","overlay-gradient":""}},"ast-content-background-meta":{"desktop":{"background-color":"var(--ast-global-color-5)","background-image":"","background-repeat":"repeat","background-position":"center center","background-size":"auto","background-attachment":"scroll","background-type":"","background-media":"","overlay-type":"","overlay-color":"","overlay-opacity":"","overlay-gradient":""},"tablet":{"background-color":"var(--ast-global-color-5)","background-image":"","background-repeat":"repeat","background-position":"center center","background-size":"auto","background-attachment":"scroll","background-type":"","background-media":"","overlay-type":"","overlay-color":"","overlay-opacity":"","overlay-gradient":""},"mobile":{"background-color":"var(--ast-global-color-5)","background-image":"","background-repeat":"repeat","background-position":"center center","background-size":"auto","background-attachment":"scroll","background-type":"","background-media":"","overlay-type":"","overlay-color":"","overlay-opacity":"","overlay-gradient":""}},"footnotes":""},"class_list":["post-1814","page","type-page","status-publish","hentry"],"acf":[],"_links":{"self":[{"href":"https:\/\/arboris.ca\/fr\/wp-json\/wp\/v2\/pages\/1814","targetHints":{"allow":["GET"]}}],"collection":[{"href":"https:\/\/arboris.ca\/fr\/wp-json\/wp\/v2\/pages"}],"about":[{"href":"https:\/\/arboris.ca\/fr\/wp-json\/wp\/v2\/types\/page"}],"author":[{"embeddable":true,"href":"https:\/\/arboris.ca\/fr\/wp-json\/wp\/v2\/users\/1"}],"replies":[{"embeddable":true,"href":"https:\/\/arboris.ca\/fr\/wp-json\/wp\/v2\/comments?post=1814"}],"version-history":[{"count":0,"href":"https:\/\/arboris.ca\/fr\/wp-json\/wp\/v2\/pages\/1814\/revisions"}],"up":[{"embeddable":true,"href":"https:\/\/arboris.ca\/fr\/wp-json\/wp\/v2\/pages\/1812"}],"wp:attachment":[{"href":"https:\/\/arboris.ca\/fr\/wp-json\/wp\/v2\/media?parent=1814"}],"curies":[{"name":"wp","href":"https:\/\/api.w.org\/{rel}","templated":true}]}}