{"id":1810,"date":"2023-04-14T19:39:28","date_gmt":"2023-04-14T23:39:28","guid":{"rendered":"https:\/\/arboris.worryfreeweb.ca\/?page_id=1810"},"modified":"2026-03-16T20:01:47","modified_gmt":"2026-03-17T00:01:47","slug":"consultation-et-evaluation","status":"publish","type":"page","link":"https:\/\/arboris.ca\/fr\/services\/consultation-et-evaluation\/","title":{"rendered":"Consultation et \u00e9valuation"},"content":{"rendered":"\t\t<div data-elementor-type=\"wp-page\" data-elementor-id=\"1810\" class=\"elementor elementor-1810 elementor-38\" data-elementor-post-type=\"page\">\n\t\t\t\t<div class=\"elementor-element elementor-element-73b98c0a e-flex e-con-boxed e-con e-parent\" data-id=\"73b98c0a\" data-element_type=\"container\" data-e-type=\"container\" data-settings=\"{&quot;background_background&quot;:&quot;classic&quot;}\">\n\t\t\t\t\t<div class=\"e-con-inner\">\n\t\t<div class=\"elementor-element elementor-element-6bcad5dd e-flex e-con-boxed e-con e-child\" data-id=\"6bcad5dd\" data-element_type=\"container\" data-e-type=\"container\">\n\t\t\t\t\t<div class=\"e-con-inner\">\n\t\t\t\t<div class=\"elementor-element elementor-element-2e14bc55 elementor-widget__width-auto elementor-widget elementor-widget-image\" data-id=\"2e14bc55\" data-element_type=\"widget\" data-e-type=\"widget\" data-widget_type=\"image.default\">\n\t\t\t\t<div class=\"elementor-widget-container\">\n\t\t\t\t\t\t\t\t\t\t\t\t\t\t\t<img decoding=\"async\" width=\"100\" height=\"111\" src=\"https:\/\/arboris.ca\/wp-content\/uploads\/2023\/05\/icon-2.png\" class=\"attachment-full size-full wp-image-2333\" alt=\"icon 2\" \/>\t\t\t\t\t\t\t\t\t\t\t\t\t\t\t<\/div>\n\t\t\t\t<\/div>\n\t\t\t\t<div class=\"elementor-element elementor-element-75a37f0f elementor-widget__width-auto elementor-widget elementor-widget-heading\" data-id=\"75a37f0f\" data-element_type=\"widget\" data-e-type=\"widget\" data-widget_type=\"heading.default\">\n\t\t\t\t<div class=\"elementor-widget-container\">\n\t\t\t\t\t<h1 class=\"elementor-heading-title elementor-size-default\">Consultation et \u00e9valuation<\/h1>\t\t\t\t<\/div>\n\t\t\t\t<\/div>\n\t\t\t\t<div class=\"elementor-element elementor-element-7e5d3940 elementor-widget__width-inherit e-transform elementor-widget-divider--view-line elementor-widget elementor-widget-divider\" data-id=\"7e5d3940\" data-element_type=\"widget\" data-e-type=\"widget\" data-settings=\"{&quot;_transform_translateX_effect&quot;:{&quot;unit&quot;:&quot;px&quot;,&quot;size&quot;:98,&quot;sizes&quot;:[]},&quot;_transform_translateY_effect&quot;:{&quot;unit&quot;:&quot;px&quot;,&quot;size&quot;:-44,&quot;sizes&quot;:[]},&quot;_transform_translateX_effect_laptop&quot;:{&quot;unit&quot;:&quot;px&quot;,&quot;size&quot;:&quot;&quot;,&quot;sizes&quot;:[]},&quot;_transform_translateX_effect_tablet&quot;:{&quot;unit&quot;:&quot;px&quot;,&quot;size&quot;:&quot;&quot;,&quot;sizes&quot;:[]},&quot;_transform_translateX_effect_mobile_extra&quot;:{&quot;unit&quot;:&quot;px&quot;,&quot;size&quot;:&quot;&quot;,&quot;sizes&quot;:[]},&quot;_transform_translateX_effect_mobile&quot;:{&quot;unit&quot;:&quot;px&quot;,&quot;size&quot;:&quot;&quot;,&quot;sizes&quot;:[]},&quot;_transform_translateY_effect_laptop&quot;:{&quot;unit&quot;:&quot;px&quot;,&quot;size&quot;:&quot;&quot;,&quot;sizes&quot;:[]},&quot;_transform_translateY_effect_tablet&quot;:{&quot;unit&quot;:&quot;px&quot;,&quot;size&quot;:&quot;&quot;,&quot;sizes&quot;:[]},&quot;_transform_translateY_effect_mobile_extra&quot;:{&quot;unit&quot;:&quot;px&quot;,&quot;size&quot;:&quot;&quot;,&quot;sizes&quot;:[]},&quot;_transform_translateY_effect_mobile&quot;:{&quot;unit&quot;:&quot;px&quot;,&quot;size&quot;:&quot;&quot;,&quot;sizes&quot;:[]}}\" data-widget_type=\"divider.default\">\n\t\t\t\t<div class=\"elementor-widget-container\">\n\t\t\t\t\t\t\t<div class=\"elementor-divider\">\n\t\t\t<span class=\"elementor-divider-separator\">\n\t\t\t\t\t\t<\/span>\n\t\t<\/div>\n\t\t\t\t\t\t<\/div>\n\t\t\t\t<\/div>\n\t\t\t\t\t<\/div>\n\t\t\t\t<\/div>\n\t\t\t\t\t<\/div>\n\t\t\t\t<\/div>\n\t\t<div class=\"elementor-element elementor-element-8e5f1b1 e-flex e-con-boxed e-con e-parent\" data-id=\"8e5f1b1\" data-element_type=\"container\" data-e-type=\"container\">\n\t\t\t\t\t<div class=\"e-con-inner\">\n\t\t<div class=\"elementor-element elementor-element-f43e289 e-con-full e-flex e-con e-child\" data-id=\"f43e289\" data-element_type=\"container\" data-e-type=\"container\">\n\t\t\t\t<div class=\"elementor-element elementor-element-34af99a elementor-widget elementor-widget-text-editor\" data-id=\"34af99a\" data-element_type=\"widget\" data-e-type=\"widget\" data-widget_type=\"text-editor.default\">\n\t\t\t\t<div class=\"elementor-widget-container\">\n\t\t\t\t\t\t\t\t\t<h2>Ce que peuvent inclure nos consultations d\u2019arboriste<\/h2><p>Nos services de consultation en arboriculture accompagnent les <strong>propri\u00e9taires, promoteurs et municipalit\u00e9s \u00e0 Ottawa et dans les environs<\/strong>, afin de les aider \u00e0 prendre des d\u00e9cisions \u00e9clair\u00e9es concernant l\u2019entretien et la s\u00e9curit\u00e9 des arbres. Avant d\u2019\u00e9laguer, d\u2019abattre ou de traiter un arbre, il est important de bien comprendre son \u00e9tat, les risques potentiels et les impacts \u00e0 long terme.<\/p><p>Chaque consultation repose sur <strong>une \u00e9valuation sur place, des normes professionnelles et les conditions r\u00e9elles du terrain<\/strong>. Notre objectif est de vous fournir des recommandations claires et fiables, que la meilleure option soit un traitement, une protection ou aucune intervention.<\/p><h3><strong>G\u00e9or\u00e9f\u00e9rencement et marquage des arbres<\/strong><\/h3><p>Les arbres sont cartographi\u00e9s et identifi\u00e9s afin de pouvoir \u00eatre facilement rep\u00e9r\u00e9s, suivis et r\u00e9f\u00e9renc\u00e9s au fil du temps. Cela facilite le suivi de leur \u00e9tat, la planification de l\u2019entretien et la pr\u00e9paration de rapports.<\/p><h3><strong>\u00c9valuation de la sant\u00e9 des arbres<\/strong><\/h3><p>Nous examinons les arbres pour d\u00e9tecter les signes de maladies, de stress, d\u2019infestations d\u2019insectes ou de d\u00e9p\u00e9rissement. Vous recevrez une explication claire de la situation et des recommandations concernant un traitement, une surveillance ou l\u2019absence d\u2019intervention.<\/p><h3><strong>\u00c9valuation des risques li\u00e9s aux arbres<\/strong><\/h3><p>Lorsque la s\u00e9curit\u00e9 est une pr\u00e9occupation, nous \u00e9valuons la probabilit\u00e9 de d\u00e9faillance et les impacts possibles sur les personnes, les b\u00e2timents ou les structures \u00e0 proximit\u00e9. Cette analyse permet de d\u00e9terminer si l\u2019arbre doit \u00eatre \u00e9lagu\u00e9, soutenu ou retir\u00e9.<\/p><h3><strong>\u00c9valuation de la valeur mon\u00e9taire des arbres et des arbustes<\/strong><\/h3><p>Nous d\u00e9terminons la valeur financi\u00e8re des arbres et des arbustes pour les r\u00e9clamations d\u2019assurance, les dossiers juridiques, l\u2019\u00e9valuation de propri\u00e9t\u00e9 ou l\u2019analyse de dommages.<\/p><h3><strong>Demandes de permis pour arbres distinctifs et rapports d\u2019arboriste (Ville d\u2019Ottawa)<\/strong><\/h3><p>Pour les arbres prot\u00e9g\u00e9s ou distinctifs, nous pr\u00e9parons les rapports d\u2019arboriste et la documentation n\u00e9cessaires pour les demandes de permis et les exigences municipales.<\/p><h3><strong>Identification des pathog\u00e8nes et diagnostic<\/strong><\/h3><p>Lorsque la cause d\u2019un probl\u00e8me n\u2019est pas claire, nous identifions les maladies ou agents pathog\u00e8nes affectant l\u2019arbre afin de recommander un traitement cibl\u00e9.<\/p><h3><strong>Plans de protection des arbres<\/strong><\/h3><p>Pour les projets de construction ou d\u2019am\u00e9nagement paysager, nous \u00e9laborons des plans d\u00e9taillant les mesures de protection des arbres avant, pendant et apr\u00e8s les travaux afin de r\u00e9duire les dommages et d\u2019assurer la conformit\u00e9 aux r\u00e8glements.<\/p>\t\t\t\t\t\t\t\t<\/div>\n\t\t\t\t<\/div>\n\t\t\t\t<div class=\"elementor-element elementor-element-147d2ea uael-ins-normal elementor-widget elementor-widget-uael-image-gallery\" data-id=\"147d2ea\" data-element_type=\"widget\" data-e-type=\"widget\" data-settings=\"{&quot;justified_margin&quot;:{&quot;unit&quot;:&quot;px&quot;,&quot;size&quot;:3,&quot;sizes&quot;:[]},&quot;justified_margin_laptop&quot;:{&quot;unit&quot;:&quot;px&quot;,&quot;size&quot;:&quot;&quot;,&quot;sizes&quot;:[]},&quot;justified_margin_tablet&quot;:{&quot;unit&quot;:&quot;px&quot;,&quot;size&quot;:&quot;&quot;,&quot;sizes&quot;:[]},&quot;justified_margin_mobile_extra&quot;:{&quot;unit&quot;:&quot;px&quot;,&quot;size&quot;:&quot;&quot;,&quot;sizes&quot;:[]},&quot;justified_margin_mobile&quot;:{&quot;unit&quot;:&quot;px&quot;,&quot;size&quot;:&quot;&quot;,&quot;sizes&quot;:[]}}\" data-widget_type=\"uael-image-gallery.default\">\n\t\t\t\t<div class=\"elementor-widget-container\">\n\t\t\t\t\t<div class=\"uael-gallery-parent uael-caption- \"><div class=\"uael-img-gallery-wrap uael-img-justified-wrap uael-img-grid-masonry-wrap uael-image-lightbox-wrap\" data-filter-default=\"All\" data-rowheight=\"225\" data-lastrow=\"hide\" data-lightbox_actions=\"[&quot;close&quot;]\" data-lightbox-gallery-loop=\"\"><div class=\"uael-grid-item \"><div class=\"uael-grid-item-content\"><a class=\"uael-grid-img uael-grid-gallery-img uael-ins-hover elementor-clickable\" data-fancybox=\"uael-gallery\" href=\"https:\/\/arboris.ca\/wp-content\/uploads\/2023\/05\/Gallery-Consultation-2.jpg\" data-elementor-open-lightbox=\"no\"><div class=\"uael-grid-img-thumbnail uael-ins-target\"><img fetchpriority=\"high\" decoding=\"async\" width=\"300\" height=\"169\" src=\"https:\/\/arboris.ca\/wp-content\/uploads\/2023\/05\/Gallery-Consultation-2-300x169.jpg\" class=\"attachment-medium size-medium wp-image-1636\" alt=\"\" srcset=\"https:\/\/arboris.ca\/wp-content\/uploads\/2023\/05\/Gallery-Consultation-2-300x169.jpg 300w, https:\/\/arboris.ca\/wp-content\/uploads\/2023\/05\/Gallery-Consultation-2-1024x576.jpg 1024w, https:\/\/arboris.ca\/wp-content\/uploads\/2023\/05\/Gallery-Consultation-2-768x432.jpg 768w, https:\/\/arboris.ca\/wp-content\/uploads\/2023\/05\/Gallery-Consultation-2.jpg 1500w\" sizes=\"(max-width: 300px) 100vw, 300px\" \/><\/div><div class=\"uael-grid-img-overlay\"><\/div><\/a><\/div><\/div><div class=\"uael-grid-item \"><div class=\"uael-grid-item-content\"><a class=\"uael-grid-img uael-grid-gallery-img uael-ins-hover elementor-clickable\" data-fancybox=\"uael-gallery\" href=\"https:\/\/arboris.ca\/wp-content\/uploads\/2023\/05\/Gallery-Consultation-3.jpg\" data-elementor-open-lightbox=\"no\"><div class=\"uael-grid-img-thumbnail uael-ins-target\"><img decoding=\"async\" width=\"300\" height=\"169\" src=\"https:\/\/arboris.ca\/wp-content\/uploads\/2023\/05\/Gallery-Consultation-3-300x169.jpg\" class=\"attachment-medium size-medium wp-image-1630\" alt=\"\" srcset=\"https:\/\/arboris.ca\/wp-content\/uploads\/2023\/05\/Gallery-Consultation-3-300x169.jpg 300w, https:\/\/arboris.ca\/wp-content\/uploads\/2023\/05\/Gallery-Consultation-3-1024x576.jpg 1024w, https:\/\/arboris.ca\/wp-content\/uploads\/2023\/05\/Gallery-Consultation-3-768x432.jpg 768w, https:\/\/arboris.ca\/wp-content\/uploads\/2023\/05\/Gallery-Consultation-3.jpg 1500w\" sizes=\"(max-width: 300px) 100vw, 300px\" \/><\/div><div class=\"uael-grid-img-overlay\"><\/div><\/a><\/div><\/div><div class=\"uael-grid-item \"><div class=\"uael-grid-item-content\"><a class=\"uael-grid-img uael-grid-gallery-img uael-ins-hover elementor-clickable\" data-fancybox=\"uael-gallery\" href=\"https:\/\/arboris.ca\/wp-content\/uploads\/2023\/06\/IMG_8888-scaled.jpg\" data-elementor-open-lightbox=\"no\"><div class=\"uael-grid-img-thumbnail uael-ins-target\"><img loading=\"lazy\" decoding=\"async\" width=\"300\" height=\"200\" src=\"https:\/\/arboris.ca\/wp-content\/uploads\/2023\/06\/IMG_8888-300x200.jpg\" class=\"attachment-medium size-medium wp-image-2898\" alt=\"\" srcset=\"https:\/\/arboris.ca\/wp-content\/uploads\/2023\/06\/IMG_8888-300x200.jpg 300w, https:\/\/arboris.ca\/wp-content\/uploads\/2023\/06\/IMG_8888-1024x683.jpg 1024w, https:\/\/arboris.ca\/wp-content\/uploads\/2023\/06\/IMG_8888-768x512.jpg 768w, https:\/\/arboris.ca\/wp-content\/uploads\/2023\/06\/IMG_8888-1536x1024.jpg 1536w, https:\/\/arboris.ca\/wp-content\/uploads\/2023\/06\/IMG_8888-2048x1365.jpg 2048w\" sizes=\"(max-width: 300px) 100vw, 300px\" \/><\/div><div class=\"uael-grid-img-overlay\"><\/div><\/a><\/div><\/div><div class=\"uael-grid-item \"><div class=\"uael-grid-item-content\"><a class=\"uael-grid-img uael-grid-gallery-img uael-ins-hover elementor-clickable\" data-fancybox=\"uael-gallery\" href=\"https:\/\/arboris.ca\/wp-content\/uploads\/2023\/05\/Gallery-Consultation-4.jpg\" data-elementor-open-lightbox=\"no\"><div class=\"uael-grid-img-thumbnail uael-ins-target\"><img loading=\"lazy\" decoding=\"async\" width=\"300\" height=\"169\" src=\"https:\/\/arboris.ca\/wp-content\/uploads\/2023\/05\/Gallery-Consultation-4-300x169.jpg\" class=\"attachment-medium size-medium wp-image-1632\" alt=\"\" srcset=\"https:\/\/arboris.ca\/wp-content\/uploads\/2023\/05\/Gallery-Consultation-4-300x169.jpg 300w, https:\/\/arboris.ca\/wp-content\/uploads\/2023\/05\/Gallery-Consultation-4-1024x576.jpg 1024w, https:\/\/arboris.ca\/wp-content\/uploads\/2023\/05\/Gallery-Consultation-4-768x432.jpg 768w, https:\/\/arboris.ca\/wp-content\/uploads\/2023\/05\/Gallery-Consultation-4.jpg 1500w\" sizes=\"(max-width: 300px) 100vw, 300px\" \/><\/div><div class=\"uael-grid-img-overlay\"><\/div><\/a><\/div><\/div><\/div><\/div>\t\t\t\t<\/div>\n\t\t\t\t<\/div>\n\t\t\t\t<div class=\"elementor-element elementor-element-c7b5ed7 elementor-widget elementor-widget-text-editor\" data-id=\"c7b5ed7\" data-element_type=\"widget\" data-e-type=\"widget\" data-widget_type=\"text-editor.default\">\n\t\t\t\t<div class=\"elementor-widget-container\">\n\t\t\t\t\t\t\t\t\t<h2>Quand une consultation avec un arboriste est-elle n\u00e9cessaire ?<\/h2><p>Une consultation est g\u00e9n\u00e9ralement demand\u00e9e lorsque :<\/p><ul><li><p>un arbre montre des signes de d\u00e9p\u00e9rissement ou de maladie<\/p><\/li><li><p>des inqui\u00e9tudes existent concernant la s\u00e9curit\u00e9 ou la stabilit\u00e9 structurelle<\/p><\/li><li><p>des travaux de construction ou d\u2019am\u00e9nagement paysager sont pr\u00e9vus pr\u00e8s des arbres<\/p><\/li><li><p>des permis ou des rapports officiels sont requis<\/p><\/li><li><p>une documentation professionnelle est n\u00e9cessaire pour la planification ou la conformit\u00e9<\/p><\/li><\/ul><p>Cette \u00e9tape permet souvent <strong>d\u2019\u00e9viter des travaux inutiles et des co\u00fbts impr\u00e9vus par la suite<\/strong>. Nos services de consultation font partie de nos services professionnels d\u2019arboriculture et aident les propri\u00e9taires \u00e0 prendre des d\u00e9cisions \u00e9clair\u00e9es concernant l\u2019entretien des arbres, la s\u00e9curit\u00e9 et la planification \u00e0 long terme.<\/p>\t\t\t\t\t\t\t\t<\/div>\n\t\t\t\t<\/div>\n\t\t\t\t<\/div>\n\t\t\t\t<div class=\"elementor-element elementor-element-3ddd3a4 elementor-widget elementor-widget-text-editor\" data-id=\"3ddd3a4\" data-element_type=\"widget\" data-e-type=\"widget\" data-widget_type=\"text-editor.default\">\n\t\t\t\t<div class=\"elementor-widget-container\">\n\t\t\t\t\t\t\t\t\t<p><span class=\"BZ_Pyq_fadeIn\">Si <\/span><span class=\"BZ_Pyq_fadeIn\">vous <\/span><span class=\"BZ_Pyq_fadeIn\">avez <\/span><span class=\"BZ_Pyq_fadeIn\">besoin <\/span><span class=\"BZ_Pyq_fadeIn\">de <\/span><span class=\"BZ_Pyq_fadeIn\">r\u00e9ponses <\/span><span class=\"BZ_Pyq_fadeIn\">claires <\/span><span class=\"BZ_Pyq_fadeIn\">concernant <\/span><span class=\"BZ_Pyq_fadeIn\">vos <\/span><span class=\"BZ_Pyq_fadeIn\">arbres, <\/span><span class=\"BZ_Pyq_fadeIn\">appelez <\/span><span class=\"BZ_Pyq_fadeIn\">le <\/span><a href=\"tel:+16132983905\"><strong data-start=\"74\" data-end=\"90\"><span class=\"BZ_Pyq_fadeIn\">613-<\/span><span class=\"BZ_Pyq_fadeIn\">298-<\/span><span class=\"BZ_Pyq_fadeIn\">3905<\/span><\/strong><\/a> <span class=\"BZ_Pyq_fadeIn\">ou <\/span><a href=\"https:\/\/arboris.ca\/fr\/demandez-une-estimation\/\"><strong data-start=\"94\" data-end=\"150\"><span class=\"BZ_Pyq_fadeIn\">demandez <\/span><span class=\"BZ_Pyq_fadeIn\">une <\/span><span class=\"BZ_Pyq_fadeIn\">consultation <\/span><span class=\"BZ_Pyq_fadeIn\">avec <\/span><span class=\"BZ_Pyq_fadeIn\">un <\/span><span class=\"BZ_Pyq_fadeIn\">arboriste <\/span><span class=\"BZ_Pyq_fadeIn\">certifi\u00e9<\/span><\/strong><\/a><span class=\"BZ_Pyq_fadeIn\">.<\/span><\/p>\t\t\t\t\t\t\t\t<\/div>\n\t\t\t\t<\/div>\n\t\t\t\t\t<\/div>\n\t\t\t\t<\/div>\n\t\t\t\t<\/div>\n\t\t","protected":false},"excerpt":{"rendered":"<p>Ce que peuvent inclure nos consultations d\u2019arboriste Nos services de consultation en arboriculture accompagnent les propri\u00e9taires, promoteurs et municipalit\u00e9s \u00e0 Ottawa et dans les environs, afin de les aider \u00e0 prendre des d\u00e9cisions \u00e9clair\u00e9es concernant l\u2019entretien et la s\u00e9curit\u00e9 des arbres. Avant d\u2019\u00e9laguer, d\u2019abattre ou de traiter un arbre, il est important de bien comprendre [&hellip;]<\/p>\n","protected":false},"author":1,"featured_media":0,"parent":1842,"menu_order":6,"comment_status":"closed","ping_status":"closed","template":"elementor_header_footer","meta":{"_acf_changed":false,"site-sidebar-layout":"no-sidebar","site-content-layout":"page-builder","ast-site-content-layout":"default","site-content-style":"default","site-sidebar-style":"default","ast-global-header-display":"","ast-banner-title-visibility":"","ast-main-header-display":"","ast-hfb-above-header-display":"","ast-hfb-below-header-display":"","ast-hfb-mobile-header-display":"","site-post-title":"disabled","ast-breadcrumbs-content":"","ast-featured-img":"disabled","footer-sml-layout":"","ast-disable-related-posts":"","theme-transparent-header-meta":"","adv-header-id-meta":"","stick-header-meta":"","header-above-stick-meta":"","header-main-stick-meta":"","header-below-stick-meta":"","astra-migrate-meta-layouts":"default","ast-page-background-enabled":"default","ast-page-background-meta":{"desktop":{"background-color":"var(--ast-global-color-4)","background-image":"","background-repeat":"repeat","background-position":"center center","background-size":"auto","background-attachment":"scroll","background-type":"","background-media":"","overlay-type":"","overlay-color":"","overlay-opacity":"","overlay-gradient":""},"tablet":{"background-color":"","background-image":"","background-repeat":"repeat","background-position":"center center","background-size":"auto","background-attachment":"scroll","background-type":"","background-media":"","overlay-type":"","overlay-color":"","overlay-opacity":"","overlay-gradient":""},"mobile":{"background-color":"","background-image":"","background-repeat":"repeat","background-position":"center center","background-size":"auto","background-attachment":"scroll","background-type":"","background-media":"","overlay-type":"","overlay-color":"","overlay-opacity":"","overlay-gradient":""}},"ast-content-background-meta":{"desktop":{"background-color":"var(--ast-global-color-5)","background-image":"","background-repeat":"repeat","background-position":"center center","background-size":"auto","background-attachment":"scroll","background-type":"","background-media":"","overlay-type":"","overlay-color":"","overlay-opacity":"","overlay-gradient":""},"tablet":{"background-color":"var(--ast-global-color-5)","background-image":"","background-repeat":"repeat","background-position":"center center","background-size":"auto","background-attachment":"scroll","background-type":"","background-media":"","overlay-type":"","overlay-color":"","overlay-opacity":"","overlay-gradient":""},"mobile":{"background-color":"var(--ast-global-color-5)","background-image":"","background-repeat":"repeat","background-position":"center center","background-size":"auto","background-attachment":"scroll","background-type":"","background-media":"","overlay-type":"","overlay-color":"","overlay-opacity":"","overlay-gradient":""}},"footnotes":""},"class_list":["post-1810","page","type-page","status-publish","hentry"],"acf":[],"_links":{"self":[{"href":"https:\/\/arboris.ca\/fr\/wp-json\/wp\/v2\/pages\/1810","targetHints":{"allow":["GET"]}}],"collection":[{"href":"https:\/\/arboris.ca\/fr\/wp-json\/wp\/v2\/pages"}],"about":[{"href":"https:\/\/arboris.ca\/fr\/wp-json\/wp\/v2\/types\/page"}],"author":[{"embeddable":true,"href":"https:\/\/arboris.ca\/fr\/wp-json\/wp\/v2\/users\/1"}],"replies":[{"embeddable":true,"href":"https:\/\/arboris.ca\/fr\/wp-json\/wp\/v2\/comments?post=1810"}],"version-history":[{"count":0,"href":"https:\/\/arboris.ca\/fr\/wp-json\/wp\/v2\/pages\/1810\/revisions"}],"up":[{"embeddable":true,"href":"https:\/\/arboris.ca\/fr\/wp-json\/wp\/v2\/pages\/1842"}],"wp:attachment":[{"href":"https:\/\/arboris.ca\/fr\/wp-json\/wp\/v2\/media?parent=1810"}],"curies":[{"name":"wp","href":"https:\/\/api.w.org\/{rel}","templated":true}]}}