{"id":1808,"date":"2023-04-14T19:39:28","date_gmt":"2023-04-14T23:39:28","guid":{"rendered":"https:\/\/arboris.worryfreeweb.ca\/?page_id=1808"},"modified":"2026-03-16T19:53:25","modified_gmt":"2026-03-16T23:53:25","slug":"plantation","status":"publish","type":"page","link":"https:\/\/arboris.ca\/fr\/services\/plantation\/","title":{"rendered":"Plantation"},"content":{"rendered":"\t\t<div data-elementor-type=\"wp-page\" data-elementor-id=\"1808\" class=\"elementor elementor-1808 elementor-34\" data-elementor-post-type=\"page\">\n\t\t\t\t<div class=\"elementor-element elementor-element-3832e447 e-flex e-con-boxed e-con e-parent\" data-id=\"3832e447\" data-element_type=\"container\" data-e-type=\"container\" data-settings=\"{&quot;background_background&quot;:&quot;classic&quot;}\">\n\t\t\t\t\t<div class=\"e-con-inner\">\n\t\t<div class=\"elementor-element elementor-element-7375c339 e-flex e-con-boxed e-con e-child\" data-id=\"7375c339\" data-element_type=\"container\" data-e-type=\"container\">\n\t\t\t\t\t<div class=\"e-con-inner\">\n\t\t\t\t<div class=\"elementor-element elementor-element-62a2ce7f elementor-widget__width-auto elementor-widget elementor-widget-image\" data-id=\"62a2ce7f\" data-element_type=\"widget\" data-e-type=\"widget\" data-widget_type=\"image.default\">\n\t\t\t\t<div class=\"elementor-widget-container\">\n\t\t\t\t\t\t\t\t\t\t\t\t\t\t\t<img decoding=\"async\" width=\"100\" height=\"111\" src=\"https:\/\/arboris.ca\/wp-content\/uploads\/2023\/05\/icon-2.png\" class=\"attachment-full size-full wp-image-2333\" alt=\"icon 2\" \/>\t\t\t\t\t\t\t\t\t\t\t\t\t\t\t<\/div>\n\t\t\t\t<\/div>\n\t\t\t\t<div class=\"elementor-element elementor-element-c8e002f elementor-widget__width-auto elementor-widget elementor-widget-heading\" data-id=\"c8e002f\" data-element_type=\"widget\" data-e-type=\"widget\" data-widget_type=\"heading.default\">\n\t\t\t\t<div class=\"elementor-widget-container\">\n\t\t\t\t\t<h1 class=\"elementor-heading-title elementor-size-default\">Services de plantation d\u2019arbres \u00e0 Ottawa et dans l'Est Ontarien<\/h1>\t\t\t\t<\/div>\n\t\t\t\t<\/div>\n\t\t\t\t<div class=\"elementor-element elementor-element-2dd8eb05 elementor-widget__width-inherit e-transform elementor-widget-divider--view-line elementor-widget elementor-widget-divider\" data-id=\"2dd8eb05\" data-element_type=\"widget\" data-e-type=\"widget\" data-settings=\"{&quot;_transform_translateX_effect&quot;:{&quot;unit&quot;:&quot;px&quot;,&quot;size&quot;:98,&quot;sizes&quot;:[]},&quot;_transform_translateY_effect&quot;:{&quot;unit&quot;:&quot;px&quot;,&quot;size&quot;:-44,&quot;sizes&quot;:[]},&quot;_transform_translateX_effect_laptop&quot;:{&quot;unit&quot;:&quot;px&quot;,&quot;size&quot;:&quot;&quot;,&quot;sizes&quot;:[]},&quot;_transform_translateX_effect_tablet&quot;:{&quot;unit&quot;:&quot;px&quot;,&quot;size&quot;:&quot;&quot;,&quot;sizes&quot;:[]},&quot;_transform_translateX_effect_mobile_extra&quot;:{&quot;unit&quot;:&quot;px&quot;,&quot;size&quot;:&quot;&quot;,&quot;sizes&quot;:[]},&quot;_transform_translateX_effect_mobile&quot;:{&quot;unit&quot;:&quot;px&quot;,&quot;size&quot;:&quot;&quot;,&quot;sizes&quot;:[]},&quot;_transform_translateY_effect_laptop&quot;:{&quot;unit&quot;:&quot;px&quot;,&quot;size&quot;:&quot;&quot;,&quot;sizes&quot;:[]},&quot;_transform_translateY_effect_tablet&quot;:{&quot;unit&quot;:&quot;px&quot;,&quot;size&quot;:&quot;&quot;,&quot;sizes&quot;:[]},&quot;_transform_translateY_effect_mobile_extra&quot;:{&quot;unit&quot;:&quot;px&quot;,&quot;size&quot;:&quot;&quot;,&quot;sizes&quot;:[]},&quot;_transform_translateY_effect_mobile&quot;:{&quot;unit&quot;:&quot;px&quot;,&quot;size&quot;:&quot;&quot;,&quot;sizes&quot;:[]}}\" data-widget_type=\"divider.default\">\n\t\t\t\t<div class=\"elementor-widget-container\">\n\t\t\t\t\t\t\t<div class=\"elementor-divider\">\n\t\t\t<span class=\"elementor-divider-separator\">\n\t\t\t\t\t\t<\/span>\n\t\t<\/div>\n\t\t\t\t\t\t<\/div>\n\t\t\t\t<\/div>\n\t\t\t\t\t<\/div>\n\t\t\t\t<\/div>\n\t\t\t\t\t<\/div>\n\t\t\t\t<\/div>\n\t\t<div class=\"elementor-element elementor-element-573454b9 e-flex e-con-boxed e-con e-parent\" data-id=\"573454b9\" data-element_type=\"container\" data-e-type=\"container\" data-settings=\"{&quot;background_background&quot;:&quot;classic&quot;}\">\n\t\t\t\t\t<div class=\"e-con-inner\">\n\t\t<div class=\"elementor-element elementor-element-58e76e5b e-flex e-con-boxed e-con e-child\" data-id=\"58e76e5b\" data-element_type=\"container\" data-e-type=\"container\">\n\t\t\t\t\t<div class=\"e-con-inner\">\n\t\t\t\t<div class=\"elementor-element elementor-element-3488d4c4 elementor-widget elementor-widget-text-editor\" data-id=\"3488d4c4\" data-element_type=\"widget\" data-e-type=\"widget\" data-widget_type=\"text-editor.default\">\n\t\t\t\t<div class=\"elementor-widget-container\">\n\t\t\t\t\t\t\t\t\t<p>La cl\u00e9 pour r\u00e9ussir \u00e0 planter un arbre est de choisir des esp\u00e8ces d&rsquo;arbres qui peuvent facilement s&rsquo;adapter au site s\u00e9lectionn\u00e9. Nous offrons l&rsquo;\u00e9valuation du site, la s\u00e9lection d&rsquo;arbres de qualit\u00e9 en p\u00e9pini\u00e8re, le transport, la plantation d&rsquo;arbres, le paillis et l&rsquo;installation de tuteurs (si n\u00e9cessaire) avec une garantie de succ\u00e8s. Nous offrons \u00e9galement la relocalisation de grands arbres (jusqu&rsquo;\u00e0 8 pouces de diam\u00e8tre au niveau de la souche).<\/p><p data-start=\"39\" data-end=\"348\">Nous offrons des services professionnels de plantation d\u2019arbres \u00e0 Ottawa et dans les communaut\u00e9s avoisinantes, notamment \u00e0<strong> Cumberland, Navan, Gloucester, Manotick, Greely, Nepean, Orl\u00e9ans, Barrhaven, Embrun, Russell, Casselman, South Glengarry, Cornwall, Rockland, Hawkesbury et dans les environs<\/strong>.<\/p><p data-start=\"350\" data-end=\"452\">Nos <a href=\"https:\/\/arboris.ca\/fr\/arboriste-certifie-a-ottawa\/\">arboristes<\/a> s\u00e9lectionnent des esp\u00e8ces d\u2019arbres adapt\u00e9es aux conditions locales du sol et du climat.<\/p>\t\t\t\t\t\t\t\t<\/div>\n\t\t\t\t<\/div>\n\t\t\t\t<div class=\"elementor-element elementor-element-25d950ed uael-ins-normal elementor-widget elementor-widget-uael-image-gallery\" data-id=\"25d950ed\" data-element_type=\"widget\" data-e-type=\"widget\" data-settings=\"{&quot;justified_margin&quot;:{&quot;unit&quot;:&quot;px&quot;,&quot;size&quot;:3,&quot;sizes&quot;:[]},&quot;justified_margin_laptop&quot;:{&quot;unit&quot;:&quot;px&quot;,&quot;size&quot;:&quot;&quot;,&quot;sizes&quot;:[]},&quot;justified_margin_tablet&quot;:{&quot;unit&quot;:&quot;px&quot;,&quot;size&quot;:&quot;&quot;,&quot;sizes&quot;:[]},&quot;justified_margin_mobile_extra&quot;:{&quot;unit&quot;:&quot;px&quot;,&quot;size&quot;:&quot;&quot;,&quot;sizes&quot;:[]},&quot;justified_margin_mobile&quot;:{&quot;unit&quot;:&quot;px&quot;,&quot;size&quot;:&quot;&quot;,&quot;sizes&quot;:[]}}\" data-widget_type=\"uael-image-gallery.default\">\n\t\t\t\t<div class=\"elementor-widget-container\">\n\t\t\t\t\t<div class=\"uael-gallery-parent uael-caption- \"><div class=\"uael-img-gallery-wrap uael-img-justified-wrap uael-img-grid-masonry-wrap uael-image-lightbox-wrap\" data-filter-default=\"All\" data-rowheight=\"225\" data-lastrow=\"hide\" data-lightbox_actions=\"[&quot;close&quot;]\" data-lightbox-gallery-loop=\"\"><div class=\"uael-grid-item \"><div class=\"uael-grid-item-content\"><a class=\"uael-grid-img uael-grid-gallery-img uael-ins-hover elementor-clickable\" data-fancybox=\"uael-gallery\" href=\"https:\/\/arboris.ca\/wp-content\/uploads\/2023\/05\/Gallery-Tree-Planting-6.jpg\" data-elementor-open-lightbox=\"no\"><div class=\"uael-grid-img-thumbnail uael-ins-target\"><img fetchpriority=\"high\" decoding=\"async\" width=\"225\" height=\"300\" src=\"https:\/\/arboris.ca\/wp-content\/uploads\/2023\/05\/Gallery-Tree-Planting-6-225x300.jpg\" class=\"attachment-medium size-medium wp-image-1588\" alt=\"Gallery Tree Planting (6)\" srcset=\"https:\/\/arboris.ca\/wp-content\/uploads\/2023\/05\/Gallery-Tree-Planting-6-225x300.jpg 225w, https:\/\/arboris.ca\/wp-content\/uploads\/2023\/05\/Gallery-Tree-Planting-6-768x1024.webp 768w, https:\/\/arboris.ca\/wp-content\/uploads\/2023\/05\/Gallery-Tree-Planting-6.jpg 1125w\" sizes=\"(max-width: 225px) 100vw, 225px\" \/><\/div><div class=\"uael-grid-img-overlay\"><\/div><\/a><\/div><\/div><div class=\"uael-grid-item \"><div class=\"uael-grid-item-content\"><a class=\"uael-grid-img uael-grid-gallery-img uael-ins-hover elementor-clickable\" data-fancybox=\"uael-gallery\" href=\"https:\/\/arboris.ca\/wp-content\/uploads\/2023\/05\/Gallery-Tree-Planting-4.jpg\" data-elementor-open-lightbox=\"no\"><div class=\"uael-grid-img-thumbnail uael-ins-target\"><img decoding=\"async\" width=\"300\" height=\"169\" src=\"https:\/\/arboris.ca\/wp-content\/uploads\/2023\/05\/Gallery-Tree-Planting-4-300x169.jpg\" class=\"attachment-medium size-medium wp-image-1586\" alt=\"Gallery Tree Planting (4)\" srcset=\"https:\/\/arboris.ca\/wp-content\/uploads\/2023\/05\/Gallery-Tree-Planting-4-300x169.jpg 300w, https:\/\/arboris.ca\/wp-content\/uploads\/2023\/05\/Gallery-Tree-Planting-4-1024x576.jpg 1024w, https:\/\/arboris.ca\/wp-content\/uploads\/2023\/05\/Gallery-Tree-Planting-4-768x432.jpg 768w, https:\/\/arboris.ca\/wp-content\/uploads\/2023\/05\/Gallery-Tree-Planting-4.jpg 1500w\" sizes=\"(max-width: 300px) 100vw, 300px\" \/><\/div><div class=\"uael-grid-img-overlay\"><\/div><\/a><\/div><\/div><div class=\"uael-grid-item \"><div class=\"uael-grid-item-content\"><a class=\"uael-grid-img uael-grid-gallery-img uael-ins-hover elementor-clickable\" data-fancybox=\"uael-gallery\" href=\"https:\/\/arboris.ca\/wp-content\/uploads\/2023\/05\/Gallery-Tree-Planting-1.jpg\" data-elementor-open-lightbox=\"no\"><div class=\"uael-grid-img-thumbnail uael-ins-target\"><img loading=\"lazy\" decoding=\"async\" width=\"300\" height=\"225\" src=\"https:\/\/arboris.ca\/wp-content\/uploads\/2023\/05\/Gallery-Tree-Planting-1-300x225.jpg\" class=\"attachment-medium size-medium wp-image-1580\" alt=\"OLYMPUS DIGITAL CAMERA\" srcset=\"https:\/\/arboris.ca\/wp-content\/uploads\/2023\/05\/Gallery-Tree-Planting-1-300x225.jpg 300w, https:\/\/arboris.ca\/wp-content\/uploads\/2023\/05\/Gallery-Tree-Planting-1-1024x768.jpg 1024w, https:\/\/arboris.ca\/wp-content\/uploads\/2023\/05\/Gallery-Tree-Planting-1-768x576.jpg 768w, https:\/\/arboris.ca\/wp-content\/uploads\/2023\/05\/Gallery-Tree-Planting-1.jpg 1500w\" sizes=\"(max-width: 300px) 100vw, 300px\" \/><\/div><div class=\"uael-grid-img-overlay\"><\/div><\/a><\/div><\/div><div class=\"uael-grid-item \"><div class=\"uael-grid-item-content\"><a class=\"uael-grid-img uael-grid-gallery-img uael-ins-hover elementor-clickable\" data-fancybox=\"uael-gallery\" href=\"https:\/\/arboris.ca\/wp-content\/uploads\/2023\/05\/Gallery-Tree-Planting-3.jpg\" data-elementor-open-lightbox=\"no\"><div class=\"uael-grid-img-thumbnail uael-ins-target\"><img loading=\"lazy\" decoding=\"async\" width=\"225\" height=\"300\" src=\"https:\/\/arboris.ca\/wp-content\/uploads\/2023\/05\/Gallery-Tree-Planting-3-225x300.jpg\" class=\"attachment-medium size-medium wp-image-1584\" alt=\"Gallery Tree Planting (3)\" srcset=\"https:\/\/arboris.ca\/wp-content\/uploads\/2023\/05\/Gallery-Tree-Planting-3-225x300.jpg 225w, https:\/\/arboris.ca\/wp-content\/uploads\/2023\/05\/Gallery-Tree-Planting-3-768x1024.webp 768w, https:\/\/arboris.ca\/wp-content\/uploads\/2023\/05\/Gallery-Tree-Planting-3.jpg 1125w\" sizes=\"(max-width: 225px) 100vw, 225px\" \/><\/div><div class=\"uael-grid-img-overlay\"><\/div><\/a><\/div><\/div><div class=\"uael-grid-item \"><div class=\"uael-grid-item-content\"><a class=\"uael-grid-img uael-grid-gallery-img uael-ins-hover elementor-clickable\" data-fancybox=\"uael-gallery\" href=\"https:\/\/arboris.ca\/wp-content\/uploads\/2023\/05\/Gallery-Tree-Planting-2.jpg\" data-elementor-open-lightbox=\"no\"><div class=\"uael-grid-img-thumbnail uael-ins-target\"><img loading=\"lazy\" decoding=\"async\" width=\"225\" height=\"300\" src=\"https:\/\/arboris.ca\/wp-content\/uploads\/2023\/05\/Gallery-Tree-Planting-2-225x300.jpg\" class=\"attachment-medium size-medium wp-image-1582\" alt=\"Gallery Tree Planting (2)\" srcset=\"https:\/\/arboris.ca\/wp-content\/uploads\/2023\/05\/Gallery-Tree-Planting-2-225x300.jpg 225w, https:\/\/arboris.ca\/wp-content\/uploads\/2023\/05\/Gallery-Tree-Planting-2-768x1024.webp 768w, https:\/\/arboris.ca\/wp-content\/uploads\/2023\/05\/Gallery-Tree-Planting-2.jpg 1125w\" sizes=\"(max-width: 225px) 100vw, 225px\" \/><\/div><div class=\"uael-grid-img-overlay\"><\/div><\/a><\/div><\/div><\/div><\/div>\t\t\t\t<\/div>\n\t\t\t\t<\/div>\n\t\t\t\t\t<\/div>\n\t\t\t\t<\/div>\n\t\t\t\t\t<\/div>\n\t\t\t\t<\/div>\n\t\t<div class=\"elementor-element elementor-element-6bab8968 e-flex e-con-boxed e-con e-parent\" data-id=\"6bab8968\" data-element_type=\"container\" data-e-type=\"container\" data-settings=\"{&quot;background_background&quot;:&quot;classic&quot;}\">\n\t\t\t\t\t<div class=\"e-con-inner\">\n\t\t<div class=\"elementor-element elementor-element-7b5eb175 e-flex e-con-boxed e-con e-child\" data-id=\"7b5eb175\" data-element_type=\"container\" data-e-type=\"container\">\n\t\t\t\t\t<div class=\"e-con-inner\">\n\t\t\t\t<div class=\"elementor-element elementor-element-7a43a8d1 elementor-widget__width-auto elementor-widget elementor-widget-heading\" data-id=\"7a43a8d1\" data-element_type=\"widget\" data-e-type=\"widget\" data-widget_type=\"heading.default\">\n\t\t\t\t<div class=\"elementor-widget-container\">\n\t\t\t\t\t<h1 class=\"elementor-heading-title elementor-size-default\">POURQUOI FAIRE APPEL \u00c0 DES ARBORICULTEURS POUR LA PLANTATION D\u2019ARBRES?<\/h1>\t\t\t\t<\/div>\n\t\t\t\t<\/div>\n\t\t\t\t<div class=\"elementor-element elementor-element-7da74e5f elementor-widget-divider--view-line elementor-widget elementor-widget-divider\" data-id=\"7da74e5f\" data-element_type=\"widget\" data-e-type=\"widget\" data-widget_type=\"divider.default\">\n\t\t\t\t<div class=\"elementor-widget-container\">\n\t\t\t\t\t\t\t<div class=\"elementor-divider\">\n\t\t\t<span class=\"elementor-divider-separator\">\n\t\t\t\t\t\t<\/span>\n\t\t<\/div>\n\t\t\t\t\t\t<\/div>\n\t\t\t\t<\/div>\n\t\t\t\t<div class=\"elementor-element elementor-element-cf25e10 elementor-widget elementor-widget-text-editor\" data-id=\"cf25e10\" data-element_type=\"widget\" data-e-type=\"widget\" data-widget_type=\"text-editor.default\">\n\t\t\t\t<div class=\"elementor-widget-container\">\n\t\t\t\t\t\t\t\t\t<p>Il est important de faire appel \u00e0 des experts lors de la plantation d&rsquo;arbres pour garantir une croissance saine et durable des arbres. Voici quelques raisons pour lesquelles il est recommand\u00e9 de faire appel \u00e0 des experts :<\/p>\t\t\t\t\t\t\t\t<\/div>\n\t\t\t\t<\/div>\n\t\t<div class=\"elementor-element elementor-element-747192e0 e-con-full e-flex e-con e-child\" data-id=\"747192e0\" data-element_type=\"container\" data-e-type=\"container\">\n\t\t\t\t<div class=\"elementor-element elementor-element-10bed68c elementor-widget__width-initial elementor-widget elementor-widget-image-box\" data-id=\"10bed68c\" data-element_type=\"widget\" data-e-type=\"widget\" data-widget_type=\"image-box.default\">\n\t\t\t\t<div class=\"elementor-widget-container\">\n\t\t\t\t\t<div class=\"elementor-image-box-wrapper\"><div class=\"elementor-image-box-content\"><h3 class=\"elementor-image-box-title\">S\u00e9lection des esp\u00e8ces appropri\u00e9es <\/h3><p class=\"elementor-image-box-description\">Les experts peuvent vous aider \u00e0 choisir les esp\u00e8ces d'arbres appropri\u00e9es pour votre r\u00e9gion et votre terrain. Ils peuvent tenir compte de facteurs tels que le climat, le sol, l'ensoleillement et l'espace disponible pour aider \u00e0 choisir les esp\u00e8ces d'arbres qui ont le plus de chances de s'\u00e9panouir dans votre r\u00e9gion.<\/p><\/div><\/div>\t\t\t\t<\/div>\n\t\t\t\t<\/div>\n\t\t\t\t<div class=\"elementor-element elementor-element-65be5298 elementor-widget__width-initial elementor-widget elementor-widget-image-box\" data-id=\"65be5298\" data-element_type=\"widget\" data-e-type=\"widget\" data-widget_type=\"image-box.default\">\n\t\t\t\t<div class=\"elementor-widget-container\">\n\t\t\t\t\t<div class=\"elementor-image-box-wrapper\"><div class=\"elementor-image-box-content\"><h3 class=\"elementor-image-box-title\">Pr\u00e9paration du site <\/h3><p class=\"elementor-image-box-description\">Les experts peuvent pr\u00e9parer le site de plantation en \u00e9liminant les mauvaises herbes, en creusant des trous de plantation de la bonne taille et en amendant le sol pour favoriser la croissance des arbres.<\/p><\/div><\/div>\t\t\t\t<\/div>\n\t\t\t\t<\/div>\n\t\t\t\t<div class=\"elementor-element elementor-element-220a42c9 elementor-widget__width-initial elementor-widget elementor-widget-image-box\" data-id=\"220a42c9\" data-element_type=\"widget\" data-e-type=\"widget\" data-widget_type=\"image-box.default\">\n\t\t\t\t<div class=\"elementor-widget-container\">\n\t\t\t\t\t<div class=\"elementor-image-box-wrapper\"><div class=\"elementor-image-box-content\"><h3 class=\"elementor-image-box-title\">Plantation correcte <\/h3><p class=\"elementor-image-box-description\">Les experts savent comment planter des arbres correctement en suivant des techniques telles que la plantation \u00e0 la bonne profondeur, l'arrosage appropri\u00e9 et la mise en place de supports pour les jeunes arbres.<\/p><\/div><\/div>\t\t\t\t<\/div>\n\t\t\t\t<\/div>\n\t\t\t\t<div class=\"elementor-element elementor-element-753a43d elementor-widget__width-initial elementor-widget elementor-widget-image-box\" data-id=\"753a43d\" data-element_type=\"widget\" data-e-type=\"widget\" data-widget_type=\"image-box.default\">\n\t\t\t\t<div class=\"elementor-widget-container\">\n\t\t\t\t\t<div class=\"elementor-image-box-wrapper\"><div class=\"elementor-image-box-content\"><h3 class=\"elementor-image-box-title\">Entretien apr\u00e8s la plantation<\/h3><p class=\"elementor-image-box-description\">Les experts peuvent fournir des conseils sur l'entretien des arbres apr\u00e8s la plantation, tels que l'arrosage, la taille et la fertilisation, pour assurer une croissance saine et durable.<\/p><\/div><\/div>\t\t\t\t<\/div>\n\t\t\t\t<\/div>\n\t\t\t\t<div class=\"elementor-element elementor-element-70c748d elementor-widget__width-initial elementor-widget elementor-widget-image-box\" data-id=\"70c748d\" data-element_type=\"widget\" data-e-type=\"widget\" data-widget_type=\"image-box.default\">\n\t\t\t\t<div class=\"elementor-widget-container\">\n\t\t\t\t\t<div class=\"elementor-image-box-wrapper\"><div class=\"elementor-image-box-content\"><h3 class=\"elementor-image-box-title\">\u00c9vitement des erreurs courantes <\/h3><p class=\"elementor-image-box-description\">Les experts peuvent \u00e9viter des erreurs courantes lors de la plantation d'arbres, telles que la plantation d'arbres trop profond\u00e9ment ou la plantation d'esp\u00e8ces inappropri\u00e9es pour votre r\u00e9gion, ce qui peut causer des probl\u00e8mes de croissance et de sant\u00e9 des arbres \u00e0 long terme.<\/p><\/div><\/div>\t\t\t\t<\/div>\n\t\t\t\t<\/div>\n\t\t\t\t<\/div>\n\t\t\t\t\t<\/div>\n\t\t\t\t<\/div>\n\t\t<div class=\"elementor-element elementor-element-25787a0 e-flex e-con-boxed e-con e-child\" data-id=\"25787a0\" data-element_type=\"container\" data-e-type=\"container\">\n\t\t\t\t\t<div class=\"e-con-inner\">\n\t\t\t\t<div class=\"elementor-element elementor-element-3fa129e elementor-widget elementor-widget-text-editor\" data-id=\"3fa129e\" data-element_type=\"widget\" data-e-type=\"widget\" data-widget_type=\"text-editor.default\">\n\t\t\t\t<div class=\"elementor-widget-container\">\n\t\t\t\t\t\t\t\t\t<p>En fin de compte, faire appel \u00e0 des experts pour la plantation d\u2019arbres peut vous aider \u00e0 cr\u00e9er un paysage sain et durable qui apporte des avantages esth\u00e9tiques, \u00e9cologiques et \u00e9conomiques \u00e0 votre propri\u00e9t\u00e9 et \u00e0 votre communaut\u00e9. Une plantation ad\u00e9quate r\u00e9duit \u00e9galement le besoin d\u2019\u00e9lagage correctif plus tard dans la vie de l\u2019arbre.<\/p><h3>Plantation d\u2019arbres pour une croissance \u00e0 long terme<\/h3><p>La plantation d\u2019un arbre ne consiste pas seulement \u00e0 le mettre en terre. L\u2019espacement ad\u00e9quat, les conditions du sol et les soins apr\u00e8s la plantation jouent tous un r\u00f4le important dans le d\u00e9veloppement de l\u2019arbre au fil du temps. Une planification professionnelle aide les arbres \u00e0 \u00e9tablir des racines solides et \u00e0 pousser de fa\u00e7on s\u00e9curitaire dans leur environnement.<\/p>\t\t\t\t\t\t\t\t<\/div>\n\t\t\t\t<\/div>\n\t\t\t\t\t<\/div>\n\t\t\t\t<\/div>\n\t\t\t\t<div class=\"elementor-element elementor-element-ae0ec21 elementor-widget elementor-widget-text-editor\" data-id=\"ae0ec21\" data-element_type=\"widget\" data-e-type=\"widget\" data-widget_type=\"text-editor.default\">\n\t\t\t\t<div class=\"elementor-widget-container\">\n\t\t\t\t\t\t\t\t\t<p data-start=\"70\" data-end=\"241\"><strong data-start=\"70\" data-end=\"116\"><span class=\"BZ_Pyq_fadeIn\">Vous <\/span><span class=\"BZ_Pyq_fadeIn\">pr\u00e9voyez <\/span><span class=\"BZ_Pyq_fadeIn\">planter <\/span><span class=\"BZ_Pyq_fadeIn\">de <\/span><span class=\"BZ_Pyq_fadeIn\">nouveaux <\/span><span class=\"BZ_Pyq_fadeIn\">arbres ? <\/span><\/strong><span class=\"BZ_Pyq_fadeIn\">Nos <\/span><span class=\"BZ_Pyq_fadeIn\">arboristes <\/span><span class=\"BZ_Pyq_fadeIn\">peuvent <\/span><span class=\"BZ_Pyq_fadeIn\">vous <\/span><span class=\"BZ_Pyq_fadeIn\">aider <\/span><span class=\"BZ_Pyq_fadeIn\">\u00e0 <\/span><span class=\"BZ_Pyq_fadeIn\">choisir <\/span><span class=\"BZ_Pyq_fadeIn\">et <\/span><span class=\"BZ_Pyq_fadeIn\">\u00e0 <\/span><span class=\"BZ_Pyq_fadeIn\">planter <\/span><span class=\"BZ_Pyq_fadeIn\">des <\/span><span class=\"BZ_Pyq_fadeIn\">arbres <\/span><span class=\"BZ_Pyq_fadeIn\">adapt\u00e9s <\/span><span class=\"BZ_Pyq_fadeIn\">\u00e0 <\/span><span class=\"BZ_Pyq_fadeIn\">votre <\/span><span class=\"BZ_Pyq_fadeIn\">propri\u00e9t\u00e9 <\/span><span class=\"BZ_Pyq_fadeIn\">et <\/span><span class=\"BZ_Pyq_fadeIn\">aux <\/span><span class=\"BZ_Pyq_fadeIn\">conditions <\/span><span class=\"BZ_Pyq_fadeIn\">locales.<\/span><\/p><p data-start=\"243\" data-end=\"341\" data-is-last-node=\"\" data-is-only-node=\"\"><a href=\"https:\/\/arboris.ca\/fr\/demandez-une-estimation\/\"><strong data-start=\"243\" data-end=\"309\"><span class=\"BZ_Pyq_fadeIn\">Demandez <\/span><span class=\"BZ_Pyq_fadeIn\">une <\/span><span class=\"BZ_Pyq_fadeIn\">consultation <\/span><span class=\"BZ_Pyq_fadeIn\">gratuite <\/span><span class=\"BZ_Pyq_fadeIn\">pour <\/span><span class=\"BZ_Pyq_fadeIn\">la <\/span><span class=\"BZ_Pyq_fadeIn\">plantation <\/span><span class=\"BZ_Pyq_fadeIn\">d\u2019arbres<\/span><\/strong><\/a> <span class=\"BZ_Pyq_fadeIn\">ou <\/span><span class=\"BZ_Pyq_fadeIn\">appelez <\/span><span class=\"BZ_Pyq_fadeIn\">le <\/span><a href=\"tel:+16132983905\"><strong data-start=\"324\" data-end=\"340\"><span class=\"BZ_Pyq_fadeIn\">613-<\/span><span class=\"BZ_Pyq_fadeIn\">298-<\/span><span class=\"BZ_Pyq_fadeIn\">3905<\/span><\/strong><\/a><span class=\"BZ_Pyq_fadeIn\">.<\/span><\/p>\t\t\t\t\t\t\t\t<\/div>\n\t\t\t\t<\/div>\n\t\t\t\t\t<\/div>\n\t\t\t\t<\/div>\n\t\t\t\t<\/div>\n\t\t","protected":false},"excerpt":{"rendered":"<p>Services de plantation d\u2019arbres \u00e0 Ottawa et dans l&rsquo;Est Ontarien La cl\u00e9 pour r\u00e9ussir \u00e0 planter un arbre est de choisir des esp\u00e8ces d&rsquo;arbres qui peuvent facilement s&rsquo;adapter au site s\u00e9lectionn\u00e9. Nous offrons l&rsquo;\u00e9valuation du site, la s\u00e9lection d&rsquo;arbres de qualit\u00e9 en p\u00e9pini\u00e8re, le transport, la plantation d&rsquo;arbres, le paillis et l&rsquo;installation de tuteurs (si [&hellip;]<\/p>\n","protected":false},"author":1,"featured_media":0,"parent":1842,"menu_order":4,"comment_status":"closed","ping_status":"closed","template":"elementor_header_footer","meta":{"_acf_changed":false,"site-sidebar-layout":"no-sidebar","site-content-layout":"page-builder","ast-site-content-layout":"default","site-content-style":"default","site-sidebar-style":"default","ast-global-header-display":"","ast-banner-title-visibility":"","ast-main-header-display":"","ast-hfb-above-header-display":"","ast-hfb-below-header-display":"","ast-hfb-mobile-header-display":"","site-post-title":"disabled","ast-breadcrumbs-content":"","ast-featured-img":"disabled","footer-sml-layout":"","ast-disable-related-posts":"","theme-transparent-header-meta":"","adv-header-id-meta":"","stick-header-meta":"","header-above-stick-meta":"","header-main-stick-meta":"","header-below-stick-meta":"","astra-migrate-meta-layouts":"default","ast-page-background-enabled":"default","ast-page-background-meta":{"desktop":{"background-color":"var(--ast-global-color-4)","background-image":"","background-repeat":"repeat","background-position":"center center","background-size":"auto","background-attachment":"scroll","background-type":"","background-media":"","overlay-type":"","overlay-color":"","overlay-opacity":"","overlay-gradient":""},"tablet":{"background-color":"","background-image":"","background-repeat":"repeat","background-position":"center center","background-size":"auto","background-attachment":"scroll","background-type":"","background-media":"","overlay-type":"","overlay-color":"","overlay-opacity":"","overlay-gradient":""},"mobile":{"background-color":"","background-image":"","background-repeat":"repeat","background-position":"center center","background-size":"auto","background-attachment":"scroll","background-type":"","background-media":"","overlay-type":"","overlay-color":"","overlay-opacity":"","overlay-gradient":""}},"ast-content-background-meta":{"desktop":{"background-color":"var(--ast-global-color-5)","background-image":"","background-repeat":"repeat","background-position":"center center","background-size":"auto","background-attachment":"scroll","background-type":"","background-media":"","overlay-type":"","overlay-color":"","overlay-opacity":"","overlay-gradient":""},"tablet":{"background-color":"var(--ast-global-color-5)","background-image":"","background-repeat":"repeat","background-position":"center center","background-size":"auto","background-attachment":"scroll","background-type":"","background-media":"","overlay-type":"","overlay-color":"","overlay-opacity":"","overlay-gradient":""},"mobile":{"background-color":"var(--ast-global-color-5)","background-image":"","background-repeat":"repeat","background-position":"center center","background-size":"auto","background-attachment":"scroll","background-type":"","background-media":"","overlay-type":"","overlay-color":"","overlay-opacity":"","overlay-gradient":""}},"footnotes":""},"class_list":["post-1808","page","type-page","status-publish","hentry"],"acf":[],"_links":{"self":[{"href":"https:\/\/arboris.ca\/fr\/wp-json\/wp\/v2\/pages\/1808","targetHints":{"allow":["GET"]}}],"collection":[{"href":"https:\/\/arboris.ca\/fr\/wp-json\/wp\/v2\/pages"}],"about":[{"href":"https:\/\/arboris.ca\/fr\/wp-json\/wp\/v2\/types\/page"}],"author":[{"embeddable":true,"href":"https:\/\/arboris.ca\/fr\/wp-json\/wp\/v2\/users\/1"}],"replies":[{"embeddable":true,"href":"https:\/\/arboris.ca\/fr\/wp-json\/wp\/v2\/comments?post=1808"}],"version-history":[{"count":0,"href":"https:\/\/arboris.ca\/fr\/wp-json\/wp\/v2\/pages\/1808\/revisions"}],"up":[{"embeddable":true,"href":"https:\/\/arboris.ca\/fr\/wp-json\/wp\/v2\/pages\/1842"}],"wp:attachment":[{"href":"https:\/\/arboris.ca\/fr\/wp-json\/wp\/v2\/media?parent=1808"}],"curies":[{"name":"wp","href":"https:\/\/api.w.org\/{rel}","templated":true}]}}