{"id":1780,"date":"2023-04-14T19:54:54","date_gmt":"2023-04-14T23:54:54","guid":{"rendered":"https:\/\/arboris.worryfreeweb.ca\/?page_id=1780"},"modified":"2026-03-14T19:24:25","modified_gmt":"2026-03-14T23:24:25","slug":"demandez-une-estimation","status":"publish","type":"page","link":"https:\/\/arboris.ca\/fr\/demandez-une-estimation\/","title":{"rendered":"Demandez une estimation"},"content":{"rendered":"\t\t<div data-elementor-type=\"wp-page\" data-elementor-id=\"1780\" class=\"elementor elementor-1780 elementor-69\" data-elementor-post-type=\"page\">\n\t\t\t\t<div class=\"elementor-element elementor-element-7efc7d0f e-flex e-con-boxed e-con e-parent\" data-id=\"7efc7d0f\" data-element_type=\"container\" data-e-type=\"container\" data-settings=\"{&quot;background_background&quot;:&quot;classic&quot;}\">\n\t\t\t\t\t<div class=\"e-con-inner\">\n\t\t<div class=\"elementor-element elementor-element-173a4fea e-flex e-con-boxed e-con e-child\" data-id=\"173a4fea\" data-element_type=\"container\" data-e-type=\"container\">\n\t\t\t\t\t<div class=\"e-con-inner\">\n\t\t\t\t<div class=\"elementor-element elementor-element-1e322d1a elementor-widget__width-auto elementor-widget elementor-widget-image\" data-id=\"1e322d1a\" data-element_type=\"widget\" data-e-type=\"widget\" data-widget_type=\"image.default\">\n\t\t\t\t<div class=\"elementor-widget-container\">\n\t\t\t\t\t\t\t\t\t\t\t\t\t\t\t<img decoding=\"async\" width=\"100\" height=\"111\" src=\"https:\/\/arboris.ca\/wp-content\/uploads\/2023\/05\/icon-8.png\" class=\"attachment-full size-full wp-image-2337\" alt=\"icon 8\" \/>\t\t\t\t\t\t\t\t\t\t\t\t\t\t\t<\/div>\n\t\t\t\t<\/div>\n\t\t\t\t<div class=\"elementor-element elementor-element-388ae742 elementor-widget__width-auto elementor-widget elementor-widget-heading\" data-id=\"388ae742\" data-element_type=\"widget\" data-e-type=\"widget\" data-widget_type=\"heading.default\">\n\t\t\t\t<div class=\"elementor-widget-container\">\n\t\t\t\t\t<h1 class=\"elementor-heading-title elementor-size-default\">Demandez une estimation<\/h1>\t\t\t\t<\/div>\n\t\t\t\t<\/div>\n\t\t\t\t<div class=\"elementor-element elementor-element-4fd4d39a elementor-widget__width-inherit e-transform elementor-widget-divider--view-line elementor-widget elementor-widget-divider\" data-id=\"4fd4d39a\" data-element_type=\"widget\" data-e-type=\"widget\" data-settings=\"{&quot;_transform_translateX_effect&quot;:{&quot;unit&quot;:&quot;px&quot;,&quot;size&quot;:98,&quot;sizes&quot;:[]},&quot;_transform_translateY_effect&quot;:{&quot;unit&quot;:&quot;px&quot;,&quot;size&quot;:-44,&quot;sizes&quot;:[]},&quot;_transform_translateX_effect_laptop&quot;:{&quot;unit&quot;:&quot;px&quot;,&quot;size&quot;:&quot;&quot;,&quot;sizes&quot;:[]},&quot;_transform_translateX_effect_tablet&quot;:{&quot;unit&quot;:&quot;px&quot;,&quot;size&quot;:&quot;&quot;,&quot;sizes&quot;:[]},&quot;_transform_translateX_effect_mobile_extra&quot;:{&quot;unit&quot;:&quot;px&quot;,&quot;size&quot;:&quot;&quot;,&quot;sizes&quot;:[]},&quot;_transform_translateX_effect_mobile&quot;:{&quot;unit&quot;:&quot;px&quot;,&quot;size&quot;:&quot;&quot;,&quot;sizes&quot;:[]},&quot;_transform_translateY_effect_laptop&quot;:{&quot;unit&quot;:&quot;px&quot;,&quot;size&quot;:&quot;&quot;,&quot;sizes&quot;:[]},&quot;_transform_translateY_effect_tablet&quot;:{&quot;unit&quot;:&quot;px&quot;,&quot;size&quot;:&quot;&quot;,&quot;sizes&quot;:[]},&quot;_transform_translateY_effect_mobile_extra&quot;:{&quot;unit&quot;:&quot;px&quot;,&quot;size&quot;:&quot;&quot;,&quot;sizes&quot;:[]},&quot;_transform_translateY_effect_mobile&quot;:{&quot;unit&quot;:&quot;px&quot;,&quot;size&quot;:&quot;&quot;,&quot;sizes&quot;:[]}}\" data-widget_type=\"divider.default\">\n\t\t\t\t<div class=\"elementor-widget-container\">\n\t\t\t\t\t\t\t<div class=\"elementor-divider\">\n\t\t\t<span class=\"elementor-divider-separator\">\n\t\t\t\t\t\t<\/span>\n\t\t<\/div>\n\t\t\t\t\t\t<\/div>\n\t\t\t\t<\/div>\n\t\t\t\t\t<\/div>\n\t\t\t\t<\/div>\n\t\t\t\t\t<\/div>\n\t\t\t\t<\/div>\n\t\t<div class=\"elementor-element elementor-element-5eab05e e-flex e-con-boxed e-con e-parent\" data-id=\"5eab05e\" data-element_type=\"container\" data-e-type=\"container\">\n\t\t\t\t\t<div class=\"e-con-inner\">\n\t\t<div class=\"elementor-element elementor-element-ad517c5 e-con-full e-flex e-con e-child\" data-id=\"ad517c5\" data-element_type=\"container\" data-e-type=\"container\">\n\t\t\t\t<div class=\"elementor-element elementor-element-b2b1d78 elementor-widget elementor-widget-heading\" data-id=\"b2b1d78\" data-element_type=\"widget\" data-e-type=\"widget\" data-widget_type=\"heading.default\">\n\t\t\t\t<div class=\"elementor-widget-container\">\n\t\t\t\t\t<h2 class=\"elementor-heading-title elementor-size-default\">En cas d'urgence, veuillez communiquer avec nous au :<\/h2>\t\t\t\t<\/div>\n\t\t\t\t<\/div>\n\t\t\t\t<div class=\"elementor-element elementor-element-62afd9c elementor-icon-list--layout-traditional elementor-list-item-link-full_width elementor-widget elementor-widget-icon-list\" data-id=\"62afd9c\" data-element_type=\"widget\" data-e-type=\"widget\" data-widget_type=\"icon-list.default\">\n\t\t\t\t<div class=\"elementor-widget-container\">\n\t\t\t\t\t\t\t<ul class=\"elementor-icon-list-items\">\n\t\t\t\t\t\t\t<li class=\"elementor-icon-list-item\">\n\t\t\t\t\t\t\t\t\t\t\t<a href=\"mailto:info@arboris.ca\">\n\n\t\t\t\t\t\t\t\t\t\t\t\t<span class=\"elementor-icon-list-icon\">\n\t\t\t\t\t\t\t<i aria-hidden=\"true\" class=\"fas fa-envelope\"><\/i>\t\t\t\t\t\t<\/span>\n\t\t\t\t\t\t\t\t\t\t<span class=\"elementor-icon-list-text\">Courriel : info@arboris.ca<\/span>\n\t\t\t\t\t\t\t\t\t\t\t<\/a>\n\t\t\t\t\t\t\t\t\t<\/li>\n\t\t\t\t\t\t\t\t<li class=\"elementor-icon-list-item\">\n\t\t\t\t\t\t\t\t\t\t\t<a href=\"tel:6132983905\">\n\n\t\t\t\t\t\t\t\t\t\t\t\t<span class=\"elementor-icon-list-icon\">\n\t\t\t\t\t\t\t<i aria-hidden=\"true\" class=\"fas fa-phone-alt\"><\/i>\t\t\t\t\t\t<\/span>\n\t\t\t\t\t\t\t\t\t\t<span class=\"elementor-icon-list-text\">T\u00e9l\u00e9phone : 613-298-3905<\/span>\n\t\t\t\t\t\t\t\t\t\t\t<\/a>\n\t\t\t\t\t\t\t\t\t<\/li>\n\t\t\t\t\t\t<\/ul>\n\t\t\t\t\t\t<\/div>\n\t\t\t\t<\/div>\n\t\t\t\t<div class=\"elementor-element elementor-element-c78ec26 elementor-widget elementor-widget-image\" data-id=\"c78ec26\" data-element_type=\"widget\" data-e-type=\"widget\" data-widget_type=\"image.default\">\n\t\t\t\t<div class=\"elementor-widget-container\">\n\t\t\t\t\t\t\t\t\t\t\t\t\t\t\t<img fetchpriority=\"high\" decoding=\"async\" width=\"1024\" height=\"682\" src=\"https:\/\/arboris.ca\/wp-content\/uploads\/2023\/06\/IMG_7111-1024x682.jpg\" class=\"attachment-large size-large wp-image-3014\" alt=\"IMG 7111\" srcset=\"https:\/\/arboris.ca\/wp-content\/uploads\/2023\/06\/IMG_7111-1024x682.jpg 1024w, https:\/\/arboris.ca\/wp-content\/uploads\/2023\/06\/IMG_7111-300x200.jpg 300w, https:\/\/arboris.ca\/wp-content\/uploads\/2023\/06\/IMG_7111-768x511.jpg 768w, https:\/\/arboris.ca\/wp-content\/uploads\/2023\/06\/IMG_7111-1536x1023.jpg 1536w, https:\/\/arboris.ca\/wp-content\/uploads\/2023\/06\/IMG_7111-2048x1364.jpg 2048w\" sizes=\"(max-width: 1024px) 100vw, 1024px\" \/>\t\t\t\t\t\t\t\t\t\t\t\t\t\t\t<\/div>\n\t\t\t\t<\/div>\n\t\t\t\t<\/div>\n\t\t<div class=\"elementor-element elementor-element-f58c860 e-con-full e-flex e-con e-child\" data-id=\"f58c860\" data-element_type=\"container\" data-e-type=\"container\">\n\t\t\t\t<div class=\"elementor-element elementor-element-eed8de0 elementor-widget elementor-widget-html\" data-id=\"eed8de0\" data-element_type=\"widget\" data-e-type=\"widget\" data-widget_type=\"html.default\">\n\t\t\t\t<div class=\"elementor-widget-container\">\n\t\t\t\t\t<script src=\"https:\/\/ajax.googleapis.com\/ajax\/libs\/jquery\/3.6.4\/jquery.min.js\"><\/script>\n\n<style>\n    #formSuccess {\n      color: rgb(0, 128, 0);\n      display: none;\n    }\n    \n    #idForm {\n        font-size: 16px;\n    }\n    \n    #idForm .title {\n        \n        font-weight: 700;\n        color: black;\n        display: block;\n        padding-top: 10px;\n    }\n    \n    .required {\n        color: #c02b0a;\n        font-style: italic;\n        font-weight: 400;\n        font-size: 13px;\n    }\n    \n    #idForm input[type=text], #idForm textarea, #idForm select {\n        all: unset;\n        text-align: left;\n        font-family: -apple-system, \"system-ui\", \"Segoe UI\", Roboto, Oxygen-Sans, Ubuntu, Cantarell, \"Helvetica Neue\", sans-serif;\n        box-sizing: border-box;\n        padding: 5px;\n        border-radius: 20px;\n        border: 1px solid #eaeaea;\n        font-size: 15px;\n        line-height: 1.6em;\n        color: rgb(34, 96, 42);\n        width:100%;\n    }\n    #idForm input[type=text]:focus, #idForm textarea:focus {\n        border: 1px solid rgb(34, 96, 42);\n    }\n    \n    .sectionCol {\n        display: flex;\n        flex-wrap: wrap;\n    }\n    .sectionCol > * {\n        flex: 1 1 50%;\n    }\n    \n    .padding\n    {\n        padding: 5px;\n    }\n    \n    input[type='radio'] {\n        \/* all: unset; *\/\n        accent-color: #ffa500;\n    }\n    \n    #idForm input[type=submit]\n    {\n       background-color:  rgb(34, 96, 42);\n       border: 1px solid rgb(34, 96, 42);\n       padding: 10px 40px;\n       color:white;\n       margin: 20px;\n    }\n    #idForm input[type=submit]:hover\n    {\n       background-color:  white;\n       color:rgb(34, 96, 42);\n    }\n    \n    #sectionAutre\n    {\n        display: flex;\n        align-items: center\n    }\n    \n    \n    @media (max-width: 641px){\n        #idForm input[type=submit]\n        {\n            line-height: 2;\n        }\n        \n        \n        .sectionCol > * {\n            flex: 1 1 100%;\n        }\n    }\n<\/style>\n\n\n\n\n<form id=\"idForm\">\n    <div>\n        <span class=\"title\" style=\"padding-top: 0\">Nom <span class=\"required\">(N\u00e9cessaire)<\/span><\/span>\n        <div class=\"sectionCol\">\n            <div class=\"padding\">\n                <input type=\"text\" name=\"fname\" placeholder=\"Pr\u00e9nom *\" required \/>\n            <\/div>\n            <div class=\"padding\">\n                <input type=\"text\" name=\"lname\" placeholder=\"Nom *\" required \/>\n            <\/div>\n        <\/div>\n    <\/div>\n    <div class=\"sectionCol\">\n        <div>\n        <span class=\"title\">Courriel <span class=\"required\">(N\u00e9cessaire)<\/span><\/span>\n        <div class=\"padding\">\n            <input type=\"text\" name=\"email\" placeholder=\"Courriel *\" required \/>\n        <\/div>\n        <\/div>\n        <div>\n        <span class=\"title\">T\u00e9l\u00e9phone <span class=\"required\">(N\u00e9cessaire)<\/span><\/span>\n        <div class=\"padding\">\n            <input type=\"text\" name=\"phone\" placeholder=\"T\u00e9l\u00e9phone *\" required \/>\n        <\/div>\n        <\/div>\n    <\/div>\n    <div>\n        <span class=\"title\">Adresse<\/span>\n        <div class=\"sectionCol\">\n            <div class=\"padding\">\n                <input type=\"text\" name=\"adresse\" placeholder=\"Adresse\"\/>\n            <\/div>\n            <div class=\"padding\">\n                <select name=\"province\">\n                    <option value=\"-1\" selected>Province<\/option>\n                    <option value=\"1\">Ontario<\/option>\n                    <option value=\"3\">Qu\u00e9bec<\/option>\n                <\/select>\n            <\/div>\n        <\/div>\n    <\/div>\n    <span class=\"title\">Service<\/span>\n    <div class=\"sectionCol\">\n\t\t<label>\n\t\t    <input type=\"radio\" name=\"service\" value=\"Abattage\">\n\t\t    Abattage\n\t    <\/label>\n\t\t<label>\n\t\t    <input type=\"radio\" name=\"service\" value=\"\u00c9lagage\">\n\t\t    \u00c9lagage\n\t    <\/label>\n\t\t<label>\n\t\t    <input type=\"radio\" name=\"service\" value=\"Sant\u00e9 des v\u00e9g\u00e9taux\">\n\t\t    Sant\u00e9 des v\u00e9g\u00e9taux\n\t    <\/label>\n\t\t<label>\n\t\t    <input type=\"radio\" name=\"service\" value=\"Essouchage\">\n\t\t    Essouchage\n\t    <\/label>\n\t\t<label>\n\t\t    <input type=\"radio\" name=\"service\" value=\"Plantation\">\n\t\t    Plantation\n\t    <\/label>\n\t\t\n\t\t<label>\n\t\t    <input type=\"radio\" name=\"service\" value=\"Haubanage\">\n\t\t    Haubanage\n\t    <\/label>\n\t    \n\t\t<label>\n\t\t    <input type=\"radio\" name=\"service\" value=\"Consultation et \u00e9valuation\">\n\t\t    Consultation et \u00e9valuation\n\t    <\/label>\n\t\t<label id=\"sectionAutre\">\n\t\t    <input type=\"radio\" name=\"service\" value=\"Autre\">\n\t\t    &nbsp;Autre\n\t\t    <input type=\"text\" name=\"servicetxt\" placeholder=\"Autre\">\n\t    <\/label>\n    <\/div>\n    <div>\n        <span class=\"title\">Plus de d\u00e9tails<\/span>\n        <div class=\"padding\">\n            <textarea name=\"moredetails\" rows=\"10\" cols=\"50\" placeholder=\"Br\u00e8ve description des travaux requis\"><\/textarea>\n        <\/div>\n    <\/div>\n    <div style='text-align:center'>\n        <input type=\"hidden\" name=\"isSimple\" value=\"0\" \/>\n        <input type=\"Submit\" value=\"Soumettre\">\n    <\/div>\n<\/form>\n\n<div id=\"formSuccess\">Merci de nous avoir contact\u00e9! Nous vous contacterons bient\u00f4t.<\/div>\n\n<script>\n\/\/ this is the id of the form\n$(\"#idForm\").submit(function(e) {\n\te.preventDefault(); \/\/ avoid to execute the actual submit of the form.\n\n    var form = $(this);\n\t\n\t$.ajax({\n\t\ttype: \"POST\",\n\t\turl: \"https:\/\/arborium.ca\/addjobtoarborium.php\",\n\t\tdata: form.serialize(), \/\/ serializes the form's elements.\n\t\tsuccess: function(response)\n\t\t{\n\t\t\tvar jsonData = JSON.parse(response);\n\t\t\t\n\t\t\tif (jsonData.success == \"1\")\n\t\t\t{\n\t\t\t    $('#idForm').hide();\n\t\t\t    $('#formSuccess').show();\n\t\t\t}\n\t\t\telse\n\t\t\t{\n\t\t\t\talert(\"Something when wrong, please contact info@arboris.ca\");\n\t\t\t}\n\t\t}\n\t});\n});\n<\/script>\t\t\t\t<\/div>\n\t\t\t\t<\/div>\n\t\t\t\t<\/div>\n\t\t\t\t\t<\/div>\n\t\t\t\t<\/div>\n\t\t<div class=\"elementor-element elementor-element-e02b138 e-flex e-con-boxed e-con e-parent\" data-id=\"e02b138\" data-element_type=\"container\" data-e-type=\"container\" data-settings=\"{&quot;background_background&quot;:&quot;classic&quot;}\">\n\t\t\t\t\t<div class=\"e-con-inner\">\n\t\t<div class=\"elementor-element elementor-element-1a3aabf e-con-full e-flex e-con e-child\" data-id=\"1a3aabf\" data-element_type=\"container\" data-e-type=\"container\">\n\t\t\t\t<\/div>\n\t\t<div class=\"elementor-element elementor-element-50e5a15 e-con-full e-flex e-con e-child\" data-id=\"50e5a15\" data-element_type=\"container\" data-e-type=\"container\">\n\t\t\t\t<\/div>\n\t\t<div class=\"elementor-element elementor-element-b33ae7f e-con-full e-flex e-con e-child\" data-id=\"b33ae7f\" data-element_type=\"container\" data-e-type=\"container\">\n\t\t\t\t<\/div>\n\t\t\t\t\t<\/div>\n\t\t\t\t<\/div>\n\t\t\t\t<\/div>\n\t\t","protected":false},"excerpt":{"rendered":"<p>En cas d&rsquo;urgence, veuillez communiquer avec nous au : Courriel : info@arboris.ca T\u00e9l\u00e9phone : 613-298-3905 Nom (N\u00e9cessaire) Courriel (N\u00e9cessaire) T\u00e9l\u00e9phone (N\u00e9cessaire) Adresse ProvinceOntarioQu\u00e9bec Service Abattage \u00c9lagage Sant\u00e9 des v\u00e9g\u00e9taux Essouchage Plantation Haubanage Consultation et \u00e9valuation &nbsp;Autre Plus de d\u00e9tails Merci de nous avoir contact\u00e9! Nous vous contacterons bient\u00f4t.<\/p>\n","protected":false},"author":1,"featured_media":0,"parent":0,"menu_order":6,"comment_status":"closed","ping_status":"closed","template":"elementor_header_footer","meta":{"_acf_changed":false,"site-sidebar-layout":"default","site-content-layout":"page-builder","ast-site-content-layout":"full-width-container","site-content-style":"default","site-sidebar-style":"default","ast-global-header-display":"","ast-banner-title-visibility":"","ast-main-header-display":"","ast-hfb-above-header-display":"","ast-hfb-below-header-display":"","ast-hfb-mobile-header-display":"","site-post-title":"disabled","ast-breadcrumbs-content":"","ast-featured-img":"disabled","footer-sml-layout":"","ast-disable-related-posts":"","theme-transparent-header-meta":"","adv-header-id-meta":"","stick-header-meta":"","header-above-stick-meta":"","header-main-stick-meta":"","header-below-stick-meta":"","astra-migrate-meta-layouts":"set","ast-page-background-enabled":"default","ast-page-background-meta":{"desktop":{"background-color":"var(--ast-global-color-4)","background-image":"","background-repeat":"repeat","background-position":"center center","background-size":"auto","background-attachment":"scroll","background-type":"","background-media":"","overlay-type":"","overlay-color":"","overlay-opacity":"","overlay-gradient":""},"tablet":{"background-color":"","background-image":"","background-repeat":"repeat","background-position":"center center","background-size":"auto","background-attachment":"scroll","background-type":"","background-media":"","overlay-type":"","overlay-color":"","overlay-opacity":"","overlay-gradient":""},"mobile":{"background-color":"","background-image":"","background-repeat":"repeat","background-position":"center center","background-size":"auto","background-attachment":"scroll","background-type":"","background-media":"","overlay-type":"","overlay-color":"","overlay-opacity":"","overlay-gradient":""}},"ast-content-background-meta":{"desktop":{"background-color":"var(--ast-global-color-5)","background-image":"","background-repeat":"repeat","background-position":"center center","background-size":"auto","background-attachment":"scroll","background-type":"","background-media":"","overlay-type":"","overlay-color":"","overlay-opacity":"","overlay-gradient":""},"tablet":{"background-color":"var(--ast-global-color-5)","background-image":"","background-repeat":"repeat","background-position":"center center","background-size":"auto","background-attachment":"scroll","background-type":"","background-media":"","overlay-type":"","overlay-color":"","overlay-opacity":"","overlay-gradient":""},"mobile":{"background-color":"var(--ast-global-color-5)","background-image":"","background-repeat":"repeat","background-position":"center center","background-size":"auto","background-attachment":"scroll","background-type":"","background-media":"","overlay-type":"","overlay-color":"","overlay-opacity":"","overlay-gradient":""}},"footnotes":""},"class_list":["post-1780","page","type-page","status-publish","hentry"],"acf":[],"_links":{"self":[{"href":"https:\/\/arboris.ca\/fr\/wp-json\/wp\/v2\/pages\/1780","targetHints":{"allow":["GET"]}}],"collection":[{"href":"https:\/\/arboris.ca\/fr\/wp-json\/wp\/v2\/pages"}],"about":[{"href":"https:\/\/arboris.ca\/fr\/wp-json\/wp\/v2\/types\/page"}],"author":[{"embeddable":true,"href":"https:\/\/arboris.ca\/fr\/wp-json\/wp\/v2\/users\/1"}],"replies":[{"embeddable":true,"href":"https:\/\/arboris.ca\/fr\/wp-json\/wp\/v2\/comments?post=1780"}],"version-history":[{"count":0,"href":"https:\/\/arboris.ca\/fr\/wp-json\/wp\/v2\/pages\/1780\/revisions"}],"wp:attachment":[{"href":"https:\/\/arboris.ca\/fr\/wp-json\/wp\/v2\/media?parent=1780"}],"curies":[{"name":"wp","href":"https:\/\/api.w.org\/{rel}","templated":true}]}}